{"id":2738,"date":"2001-11-30T00:00:00","date_gmt":"2001-11-30T00:00:00","guid":{"rendered":"https:\/\/miners.rocks\/product\/elbait-turmalin-2faerbig\/"},"modified":"2020-05-19T17:01:25","modified_gmt":"2020-05-19T17:01:25","slug":"elbait-tourmaline-2faerbig","status":"publish","type":"product","link":"https:\/\/westgem.shop\/fr\/produit\/elbait-tourmaline-2faerbig\/","title":{"rendered":"ELBAIT TURMALIN 2 couleurs"},"content":{"rendered":"<p>Tr\u00e8s beau cristal TURMALIN - vari\u00e9t\u00e9 ELBAIT.<\/p>\n<p>Coloris tr\u00e8s int\u00e9ressant avec du BLEUVERT et du ROUGE .<\/p>\n<p>Totalement transparent et translucide - UNIQUE !<\/p>\n<p>MINAS GERAIS - BR\u00c9SIL<\/p>\n<p>SUPER PRIX !<\/p>\n<p>Poids de l'appareil. 14 g Dimensions : 4,2 x 1,7 cm<\/p>","protected":false},"excerpt":{"rendered":"<p>Tr\u00e8s beau cristal TURMALIN - vari\u00e9t\u00e9 ELBAIT. Coloration tr\u00e8s int\u00e9ressante avec du BLEUVERT et du ROUGE. Totalement transparent et translucide - UNIQUE ! MINAS GERAIS - BR\u00c9SIL SUPER PRIX ! Poids . 14 g Dimensions : 4,2 x 1,7 cm<\/p>","protected":false},"featured_media":4310,"template":"","meta":{"_acf_changed":false},"region":[],"product_brand":[],"product_cat":[15],"product_tag":[],"class_list":{"0":"post-2738","1":"product","2":"type-product","3":"status-publish","4":"has-post-thumbnail","6":"product_cat-mineralien","8":"first","9":"outofstock","10":"sold-individually","11":"product-type-simple"},"acf":[],"_links":{"self":[{"href":"https:\/\/westgem.shop\/fr\/wp-json\/wp\/v2\/product\/2738","targetHints":{"allow":["GET"]}}],"collection":[{"href":"https:\/\/westgem.shop\/fr\/wp-json\/wp\/v2\/product"}],"about":[{"href":"https:\/\/westgem.shop\/fr\/wp-json\/wp\/v2\/types\/product"}],"wp:featuredmedia":[{"embeddable":true,"href":"https:\/\/westgem.shop\/fr\/wp-json\/wp\/v2\/media\/4310"}],"wp:attachment":[{"href":"https:\/\/westgem.shop\/fr\/wp-json\/wp\/v2\/media?parent=2738"}],"wp:term":[{"taxonomy":"region","embeddable":true,"href":"https:\/\/westgem.shop\/fr\/wp-json\/wp\/v2\/region?post=2738"},{"taxonomy":"product_brand","embeddable":true,"href":"https:\/\/westgem.shop\/fr\/wp-json\/wp\/v2\/product_brand?post=2738"},{"taxonomy":"product_cat","embeddable":true,"href":"https:\/\/westgem.shop\/fr\/wp-json\/wp\/v2\/product_cat?post=2738"},{"taxonomy":"product_tag","embeddable":true,"href":"https:\/\/westgem.shop\/fr\/wp-json\/wp\/v2\/product_tag?post=2738"}],"curies":[{"name":"wp","href":"https:\/\/api.w.org\/{rel}","templated":true}]}}