{"id":2739,"date":"2001-12-01T00:00:00","date_gmt":"2001-12-01T00:00:00","guid":{"rendered":"https:\/\/miners.rocks\/product\/dolomit-xx-terpetzen\/"},"modified":"2020-05-19T17:01:27","modified_gmt":"2020-05-19T17:01:27","slug":"dolomite-xx-terpetzen","status":"publish","type":"product","link":"https:\/\/westgem.shop\/fr\/produit\/dolomite-xx-terpetzen\/","title":{"rendered":"DOLOMIT xx - TERPETZEN"},"content":{"rendered":"<p>Dans la carri\u00e8re de Terpetzen, sur le versant sud de la SAUALPE, on a parfois r\u00e9cup\u00e9r\u00e9, entre autres min\u00e9raux, de beaux niveaux de DOLOMITE.<\/p>\n<p>Cette \"ANCIENNE\" trouvaille est typique de cette carri\u00e8re. Aujourd'hui, les parties avec les cristaux DOLOIT ont malheureusement \u00e9t\u00e9 exploit\u00e9es depuis longtemps et, \u00e0 l'heure actuelle, cette grande carri\u00e8re ne contient plus que des roches compactes sans zones de perturbation avec des cristaux.<\/p>\n<p>DOLOMIT xx tr\u00e8s brillant,blanc comme la neige avec des faces cristallines tranchantes dans une matrice calcaire.<\/p>\n<p>Poids : 1,8 kilogramme Dimensions : 15 x 11 x 9 cm<\/p>","protected":false},"excerpt":{"rendered":"<p>Dans la carri\u00e8re de Terpetzen, sur le versant sud de la SAUALPE, on a parfois trouv\u00e9, entre autres min\u00e9raux, de beaux niveaux de DOLOMITE. Cette \"ANCIENNE\" d\u00e9couverte est typique de cette carri\u00e8re. Aujourd'hui, les parties contenant des cristaux de DOLOIT ont malheureusement \u00e9t\u00e9 exploit\u00e9es depuis longtemps et il ne reste plus dans cette grande carri\u00e8re que des roches compactes sans zones de perturbation avec des cristaux. [...]<\/p>","protected":false},"featured_media":4314,"template":"","meta":{"_acf_changed":false},"region":[],"product_brand":[],"product_cat":[15],"product_tag":[],"class_list":{"0":"post-2739","1":"product","2":"type-product","3":"status-publish","4":"has-post-thumbnail","6":"product_cat-mineralien","8":"first","9":"outofstock","10":"sold-individually","11":"product-type-simple"},"acf":[],"_links":{"self":[{"href":"https:\/\/westgem.shop\/fr\/wp-json\/wp\/v2\/product\/2739","targetHints":{"allow":["GET"]}}],"collection":[{"href":"https:\/\/westgem.shop\/fr\/wp-json\/wp\/v2\/product"}],"about":[{"href":"https:\/\/westgem.shop\/fr\/wp-json\/wp\/v2\/types\/product"}],"wp:featuredmedia":[{"embeddable":true,"href":"https:\/\/westgem.shop\/fr\/wp-json\/wp\/v2\/media\/4314"}],"wp:attachment":[{"href":"https:\/\/westgem.shop\/fr\/wp-json\/wp\/v2\/media?parent=2739"}],"wp:term":[{"taxonomy":"region","embeddable":true,"href":"https:\/\/westgem.shop\/fr\/wp-json\/wp\/v2\/region?post=2739"},{"taxonomy":"product_brand","embeddable":true,"href":"https:\/\/westgem.shop\/fr\/wp-json\/wp\/v2\/product_brand?post=2739"},{"taxonomy":"product_cat","embeddable":true,"href":"https:\/\/westgem.shop\/fr\/wp-json\/wp\/v2\/product_cat?post=2739"},{"taxonomy":"product_tag","embeddable":true,"href":"https:\/\/westgem.shop\/fr\/wp-json\/wp\/v2\/product_tag?post=2739"}],"curies":[{"name":"wp","href":"https:\/\/api.w.org\/{rel}","templated":true}]}}