{"id":2740,"date":"2001-12-02T00:00:00","date_gmt":"2001-12-02T00:00:00","guid":{"rendered":"https:\/\/miners.rocks\/product\/siderit-xx-calcit-xx-huettenberg\/"},"modified":"2020-05-19T17:01:27","modified_gmt":"2020-05-19T17:01:27","slug":"siderite-xx-calcite-xx-huettenberg","status":"publish","type":"product","link":"https:\/\/westgem.shop\/fr\/produit\/siderite-xx-calcite-xx-huettenberg\/","title":{"rendered":"SIDERIT xx - CALCIT xx - H\u00dcTTENBERG"},"content":{"rendered":"<p>De la c\u00e9l\u00e8bre mine de H\u00fcttenberg - Carinthie<\/p>\n<p>SIDERIT \u00e9tape avec CALCIT xx.<\/p>\n<p>La SIDERITE - FER BRUN \u00e9tait d\u00e9j\u00e0 exploit\u00e9e par les Celtes et les Romains il y a plus de 2 000 ans, sous le nom de FER NORIQUE. L'exploitation mini\u00e8re a cess\u00e9 dans les ann\u00e9es 1970.<\/p>\n<p>Poids : 470 g Dim.# : 10 x 7 x 6 cm<\/p>","protected":false},"excerpt":{"rendered":"<p>De la c\u00e9l\u00e8bre mine de H\u00fcttenberg - Carinthie SIDERIT \u00e9tage avec CALCIT xx. La SIDERITE - FER BRUN \u00e9tait d\u00e9j\u00e0 exploit\u00e9e par les Celtes et les Romains il y a plus de 2 000 ans, sous le nom de FER Norique. L'exploitation mini\u00e8re a cess\u00e9 dans les ann\u00e9es 1970. Poids : 470 g Dim.# : 10 x 7 x 6 cm<\/p>","protected":false},"featured_media":4318,"template":"","meta":{"_acf_changed":false},"region":[],"product_brand":[],"product_cat":[15],"product_tag":[],"class_list":{"0":"post-2740","1":"product","2":"type-product","3":"status-publish","4":"has-post-thumbnail","6":"product_cat-mineralien","8":"first","9":"outofstock","10":"sold-individually","11":"product-type-simple"},"acf":[],"_links":{"self":[{"href":"https:\/\/westgem.shop\/fr\/wp-json\/wp\/v2\/product\/2740","targetHints":{"allow":["GET"]}}],"collection":[{"href":"https:\/\/westgem.shop\/fr\/wp-json\/wp\/v2\/product"}],"about":[{"href":"https:\/\/westgem.shop\/fr\/wp-json\/wp\/v2\/types\/product"}],"wp:featuredmedia":[{"embeddable":true,"href":"https:\/\/westgem.shop\/fr\/wp-json\/wp\/v2\/media\/4318"}],"wp:attachment":[{"href":"https:\/\/westgem.shop\/fr\/wp-json\/wp\/v2\/media?parent=2740"}],"wp:term":[{"taxonomy":"region","embeddable":true,"href":"https:\/\/westgem.shop\/fr\/wp-json\/wp\/v2\/region?post=2740"},{"taxonomy":"product_brand","embeddable":true,"href":"https:\/\/westgem.shop\/fr\/wp-json\/wp\/v2\/product_brand?post=2740"},{"taxonomy":"product_cat","embeddable":true,"href":"https:\/\/westgem.shop\/fr\/wp-json\/wp\/v2\/product_cat?post=2740"},{"taxonomy":"product_tag","embeddable":true,"href":"https:\/\/westgem.shop\/fr\/wp-json\/wp\/v2\/product_tag?post=2740"}],"curies":[{"name":"wp","href":"https:\/\/api.w.org\/{rel}","templated":true}]}}