{"id":2741,"date":"2001-12-03T00:00:00","date_gmt":"2001-12-03T00:00:00","guid":{"rendered":"https:\/\/miners.rocks\/product\/galenit-markasit-missouri-usa\/"},"modified":"2020-05-19T17:01:28","modified_gmt":"2020-05-19T17:01:28","slug":"galene-marcassite-missouri-usa","status":"publish","type":"product","link":"https:\/\/westgem.shop\/fr\/produit\/galene-marcassite-missouri-usa\/","title":{"rendered":"GALENIT \/MARKASIT - MISSOURI\/USA"},"content":{"rendered":"<p>GALENIT - HEXAEDER avec MARKASIT xx dor\u00e9 et brillant<\/p>\n<p>La galenite est l'un des plus anciens min\u00e9raux de collection.<\/p>\n<p>HEXAEDER en BLEIGLANZ brillant avec des cristaux MARKASIT de couleur or. De la c\u00e9l\u00e8bre mine Joplin \u00e0 MISSOURI - USA<\/p>\n<p>Tr\u00e8s rare \u00e0 voir !<\/p>\n<p>Poids : 100 g Dimensions : 4 x 3 x 2 cm<\/p>","protected":false},"excerpt":{"rendered":"<p>GALENITE - HEXAEDER avec MARKASIT xx dor\u00e9e La GALENITE est l'un des plus anciens min\u00e9raux de collection. HEXAEDER en BLEIGLANZ brillant avec des cristaux de MARKASITE dor\u00e9s. De la fameuse mine Joplin \u00e0 MISSOURI - USA Tr\u00e8s rare \u00e0 voir ! Poids : 100 g Dimensions : 4 x 3 x 2 cm<\/p>","protected":false},"featured_media":4321,"template":"","meta":{"_acf_changed":false},"region":[],"product_brand":[],"product_cat":[15],"product_tag":[],"class_list":{"0":"post-2741","1":"product","2":"type-product","3":"status-publish","4":"has-post-thumbnail","6":"product_cat-mineralien","8":"first","9":"outofstock","10":"sold-individually","11":"product-type-simple"},"acf":[],"_links":{"self":[{"href":"https:\/\/westgem.shop\/fr\/wp-json\/wp\/v2\/product\/2741","targetHints":{"allow":["GET"]}}],"collection":[{"href":"https:\/\/westgem.shop\/fr\/wp-json\/wp\/v2\/product"}],"about":[{"href":"https:\/\/westgem.shop\/fr\/wp-json\/wp\/v2\/types\/product"}],"wp:featuredmedia":[{"embeddable":true,"href":"https:\/\/westgem.shop\/fr\/wp-json\/wp\/v2\/media\/4321"}],"wp:attachment":[{"href":"https:\/\/westgem.shop\/fr\/wp-json\/wp\/v2\/media?parent=2741"}],"wp:term":[{"taxonomy":"region","embeddable":true,"href":"https:\/\/westgem.shop\/fr\/wp-json\/wp\/v2\/region?post=2741"},{"taxonomy":"product_brand","embeddable":true,"href":"https:\/\/westgem.shop\/fr\/wp-json\/wp\/v2\/product_brand?post=2741"},{"taxonomy":"product_cat","embeddable":true,"href":"https:\/\/westgem.shop\/fr\/wp-json\/wp\/v2\/product_cat?post=2741"},{"taxonomy":"product_tag","embeddable":true,"href":"https:\/\/westgem.shop\/fr\/wp-json\/wp\/v2\/product_tag?post=2741"}],"curies":[{"name":"wp","href":"https:\/\/api.w.org\/{rel}","templated":true}]}}