{"id":2743,"date":"2001-12-05T00:00:00","date_gmt":"2001-12-05T00:00:00","guid":{"rendered":"https:\/\/miners.rocks\/product\/gips-xx-hirt-kaernten\/"},"modified":"2020-05-19T17:01:29","modified_gmt":"2020-05-19T17:01:29","slug":"gips-xx-hirt-kaernten","status":"publish","type":"product","link":"https:\/\/westgem.shop\/fr\/produit\/gips-xx-hirt-kaernten\/","title":{"rendered":"GIPS xx - HIRT\/Carinthie"},"content":{"rendered":"<p>Incolore, aiguilles blanches de CRISTAL DE GIPS sur dolomite calcaire limonis\u00e9e.<\/p>\n<p>Carri\u00e8re HIRT pr\u00e8s de Friesach dans le nord de la Carinthie.<\/p>\n<p>Ancienne trouvaille avec de beaux CRISTALS DE GIPS .<\/p>\n<p>Poids:230 g Dimensions : 14 x 8 x 4 cm<\/p>","protected":false},"excerpt":{"rendered":"<p>Incolore, aiguilles blanches de GIPS CRISTAL sur dolomite calcaire limonis\u00e9e. Carri\u00e8re HIRT pr\u00e8s de Friesach dans le nord de la Carinthie. Ancienne d\u00e9couverte avec de beaux CRISTALLES GIPS. Poids : 230 g Dimensions : 14 x 8 x 4 cm<\/p>","protected":false},"featured_media":4328,"template":"","meta":{"_acf_changed":false},"region":[],"product_brand":[],"product_cat":[15],"product_tag":[],"class_list":{"0":"post-2743","1":"product","2":"type-product","3":"status-publish","4":"has-post-thumbnail","6":"product_cat-mineralien","8":"first","9":"outofstock","10":"sold-individually","11":"product-type-simple"},"acf":[],"_links":{"self":[{"href":"https:\/\/westgem.shop\/fr\/wp-json\/wp\/v2\/product\/2743","targetHints":{"allow":["GET"]}}],"collection":[{"href":"https:\/\/westgem.shop\/fr\/wp-json\/wp\/v2\/product"}],"about":[{"href":"https:\/\/westgem.shop\/fr\/wp-json\/wp\/v2\/types\/product"}],"wp:featuredmedia":[{"embeddable":true,"href":"https:\/\/westgem.shop\/fr\/wp-json\/wp\/v2\/media\/4328"}],"wp:attachment":[{"href":"https:\/\/westgem.shop\/fr\/wp-json\/wp\/v2\/media?parent=2743"}],"wp:term":[{"taxonomy":"region","embeddable":true,"href":"https:\/\/westgem.shop\/fr\/wp-json\/wp\/v2\/region?post=2743"},{"taxonomy":"product_brand","embeddable":true,"href":"https:\/\/westgem.shop\/fr\/wp-json\/wp\/v2\/product_brand?post=2743"},{"taxonomy":"product_cat","embeddable":true,"href":"https:\/\/westgem.shop\/fr\/wp-json\/wp\/v2\/product_cat?post=2743"},{"taxonomy":"product_tag","embeddable":true,"href":"https:\/\/westgem.shop\/fr\/wp-json\/wp\/v2\/product_tag?post=2743"}],"curies":[{"name":"wp","href":"https:\/\/api.w.org\/{rel}","templated":true}]}}