{"id":2744,"date":"2001-12-06T00:00:00","date_gmt":"2001-12-06T00:00:00","guid":{"rendered":"https:\/\/miners.rocks\/product\/siderit-xx-und-calcit-xx-huettenberg\/"},"modified":"2020-05-19T17:01:29","modified_gmt":"2020-05-19T17:01:29","slug":"siderite-xx-et-calcite-xx-huettenberg","status":"publish","type":"product","link":"https:\/\/westgem.shop\/fr\/produit\/siderite-xx-et-calcite-xx-huettenberg\/","title":{"rendered":"SIDERIT xx et CALCIT xx - H\u00dcTTENBERG"},"content":{"rendered":"<p>Cristaux rhombo\u00e9driques de SIDERITE avec CALCITES blanches xx<\/p>\n<p>De la c\u00e9l\u00e8bre mine de H\u00fcttenberg - Carinthie<\/p>\n<p>Vieille trouvaille d'une ancienne collection.<\/p>\n<p>Poids : 310 g Dimensions : ^12 x 8 x 4 cm<\/p>\n<p>L'image 4 est la face inf\u00e9rieure des marches.<\/p>","protected":false},"excerpt":{"rendered":"<p>Cristaux rhombo\u00e9driques de SIDERITE avec CALCITES blanches xx Du c\u00e9l\u00e8bre site minier de H\u00fcttenberg - Carinthie Ancienne trouvaille provenant d'une ancienne collection. Poids : 310 g Dimensions : ^12 x 8 x 4 cm La photo 4 est la face inf\u00e9rieure des marches .<\/p>","protected":false},"featured_media":4332,"template":"","meta":{"_acf_changed":false},"region":[],"product_brand":[],"product_cat":[15],"product_tag":[],"class_list":{"0":"post-2744","1":"product","2":"type-product","3":"status-publish","4":"has-post-thumbnail","6":"product_cat-mineralien","8":"first","9":"outofstock","10":"sold-individually","11":"product-type-simple"},"acf":[],"_links":{"self":[{"href":"https:\/\/westgem.shop\/fr\/wp-json\/wp\/v2\/product\/2744","targetHints":{"allow":["GET"]}}],"collection":[{"href":"https:\/\/westgem.shop\/fr\/wp-json\/wp\/v2\/product"}],"about":[{"href":"https:\/\/westgem.shop\/fr\/wp-json\/wp\/v2\/types\/product"}],"wp:featuredmedia":[{"embeddable":true,"href":"https:\/\/westgem.shop\/fr\/wp-json\/wp\/v2\/media\/4332"}],"wp:attachment":[{"href":"https:\/\/westgem.shop\/fr\/wp-json\/wp\/v2\/media?parent=2744"}],"wp:term":[{"taxonomy":"region","embeddable":true,"href":"https:\/\/westgem.shop\/fr\/wp-json\/wp\/v2\/region?post=2744"},{"taxonomy":"product_brand","embeddable":true,"href":"https:\/\/westgem.shop\/fr\/wp-json\/wp\/v2\/product_brand?post=2744"},{"taxonomy":"product_cat","embeddable":true,"href":"https:\/\/westgem.shop\/fr\/wp-json\/wp\/v2\/product_cat?post=2744"},{"taxonomy":"product_tag","embeddable":true,"href":"https:\/\/westgem.shop\/fr\/wp-json\/wp\/v2\/product_tag?post=2744"}],"curies":[{"name":"wp","href":"https:\/\/api.w.org\/{rel}","templated":true}]}}