{"id":2745,"date":"2001-12-07T00:00:00","date_gmt":"2001-12-07T00:00:00","guid":{"rendered":"https:\/\/miners.rocks\/product\/tansania-rubin-aa-faccetiert\/"},"modified":"2020-05-19T17:01:30","modified_gmt":"2020-05-19T17:01:30","slug":"rubis-de-tanzanie-aa-facette","status":"publish","type":"product","link":"https:\/\/westgem.shop\/fr\/produit\/rubis-de-tanzanie-aa-facette\/","title":{"rendered":"Tanzanie RUBIN AA - factice"},"content":{"rendered":"<p>Superbe - pi\u00e8ce unique taill\u00e9e \u00e0 la main !<\/p>\n<p>Colliers pendentifs - Tanzanie RUBIN AA - forme goutte - avec grandes facettes<\/p>\n<p>RUBIN en roche-m\u00e8re verte ANYOLITH de la MINE LOGINDO au TANSANIE<\/p>\n<p>Pierre dans une monture miroir en ARGENT PUR - grand anneau de pendentif.<\/p>\n<p>L'image 3 est la face arri\u00e8re.<\/p>\n<p>Le collier Omega pr\u00e9sent\u00e9 sur la photo n'est PAS inclus dans la livraison.<\/p>\n<p>Poids du pendentif : 17 g . Dimensions : Longueur avec oeillet 7 cm - Largeur2 cm<\/p>\n<p>PRIX SPECIAL !<\/p>","protected":false},"excerpt":{"rendered":"<p>Superbe - pi\u00e8ce unique taill\u00e9e \u00e0 la main ! Pendentif pour collier - RUBIN AA de Tanzanie - en forme de goutte - avec de grandes facettes de RUBIN en ANYOLITE verte de la MINE de LOGINDO en TANSANIE Pierre dans une monture miroir en ARGENT PUR - grand anneau pour le pendentif. La photo 3 est le verso. Le collier Omega montr\u00e9 sur la photo n'est PAS inclus dans la livraison [...].<\/p>","protected":false},"featured_media":4336,"template":"","meta":{"_acf_changed":false},"region":[],"product_brand":[],"product_cat":[15],"product_tag":[],"class_list":{"0":"post-2745","1":"product","2":"type-product","3":"status-publish","4":"has-post-thumbnail","6":"product_cat-mineralien","8":"first","9":"outofstock","10":"sold-individually","11":"product-type-simple"},"acf":[],"_links":{"self":[{"href":"https:\/\/westgem.shop\/fr\/wp-json\/wp\/v2\/product\/2745","targetHints":{"allow":["GET"]}}],"collection":[{"href":"https:\/\/westgem.shop\/fr\/wp-json\/wp\/v2\/product"}],"about":[{"href":"https:\/\/westgem.shop\/fr\/wp-json\/wp\/v2\/types\/product"}],"wp:featuredmedia":[{"embeddable":true,"href":"https:\/\/westgem.shop\/fr\/wp-json\/wp\/v2\/media\/4336"}],"wp:attachment":[{"href":"https:\/\/westgem.shop\/fr\/wp-json\/wp\/v2\/media?parent=2745"}],"wp:term":[{"taxonomy":"region","embeddable":true,"href":"https:\/\/westgem.shop\/fr\/wp-json\/wp\/v2\/region?post=2745"},{"taxonomy":"product_brand","embeddable":true,"href":"https:\/\/westgem.shop\/fr\/wp-json\/wp\/v2\/product_brand?post=2745"},{"taxonomy":"product_cat","embeddable":true,"href":"https:\/\/westgem.shop\/fr\/wp-json\/wp\/v2\/product_cat?post=2745"},{"taxonomy":"product_tag","embeddable":true,"href":"https:\/\/westgem.shop\/fr\/wp-json\/wp\/v2\/product_tag?post=2745"}],"curies":[{"name":"wp","href":"https:\/\/api.w.org\/{rel}","templated":true}]}}