{"id":2746,"date":"2001-12-08T00:00:00","date_gmt":"2001-12-08T00:00:00","guid":{"rendered":"https:\/\/miners.rocks\/product\/regenbogen-fluorit-aa-anhaenger\/"},"modified":"2020-05-19T17:01:30","modified_gmt":"2020-05-19T17:01:30","slug":"pendentif-arc-en-ciel-fluorite-aa","status":"publish","type":"product","link":"https:\/\/westgem.shop\/fr\/produit\/pendentif-arc-en-ciel-fluorite-aa\/","title":{"rendered":"Arc-en-ciel FLUORIT AA - Pendentif"},"content":{"rendered":"<p>Pendentif pour collier de premi\u00e8re qualit\u00e9 en argent avec une monture miroir.<\/p>\n<p>Pierre : Arc-en-ciel FLUORITE qualit\u00e9 AA - cabochon taill\u00e9<\/p>\n<p>La mati\u00e8re premi\u00e8re est extraite de la mine de SHILU \u00e0 GUANDONG - CHINE.<\/p>\n<p>PI\u00c8CE UNIQUE faite \u00e0 la main - Poids. 20 g Dimensions : 4,5 x 3 cm<\/p>\n<p>Le collier montr\u00e9 sur la photo n'est pas compris dans la livraison.<\/p>","protected":false},"excerpt":{"rendered":"<p>Pendentif de premi\u00e8re qualit\u00e9 en argent avec miroir. Pierre : Arc-en-ciel FLUORITE Qualit\u00e9 AA - Cabochon taill\u00e9 Le lieu de d\u00e9couverte de la mati\u00e8re premi\u00e8re est la mine de SHILU \u00e0 GUANDONG - CHINE PI\u00c8CE UNIQUE FAITE \u00c0 LA MAIN - Poids. 20 g Dimensions : 4,5 x 3 cm Le collier illustr\u00e9 n'est pas inclus dans la livraison.<\/p>","protected":false},"featured_media":4339,"template":"","meta":{"_acf_changed":false},"region":[],"product_brand":[],"product_cat":[15],"product_tag":[],"class_list":{"0":"post-2746","1":"product","2":"type-product","3":"status-publish","4":"has-post-thumbnail","6":"product_cat-mineralien","8":"first","9":"outofstock","10":"sold-individually","11":"product-type-simple"},"acf":[],"_links":{"self":[{"href":"https:\/\/westgem.shop\/fr\/wp-json\/wp\/v2\/product\/2746","targetHints":{"allow":["GET"]}}],"collection":[{"href":"https:\/\/westgem.shop\/fr\/wp-json\/wp\/v2\/product"}],"about":[{"href":"https:\/\/westgem.shop\/fr\/wp-json\/wp\/v2\/types\/product"}],"wp:featuredmedia":[{"embeddable":true,"href":"https:\/\/westgem.shop\/fr\/wp-json\/wp\/v2\/media\/4339"}],"wp:attachment":[{"href":"https:\/\/westgem.shop\/fr\/wp-json\/wp\/v2\/media?parent=2746"}],"wp:term":[{"taxonomy":"region","embeddable":true,"href":"https:\/\/westgem.shop\/fr\/wp-json\/wp\/v2\/region?post=2746"},{"taxonomy":"product_brand","embeddable":true,"href":"https:\/\/westgem.shop\/fr\/wp-json\/wp\/v2\/product_brand?post=2746"},{"taxonomy":"product_cat","embeddable":true,"href":"https:\/\/westgem.shop\/fr\/wp-json\/wp\/v2\/product_cat?post=2746"},{"taxonomy":"product_tag","embeddable":true,"href":"https:\/\/westgem.shop\/fr\/wp-json\/wp\/v2\/product_tag?post=2746"}],"curies":[{"name":"wp","href":"https:\/\/api.w.org\/{rel}","templated":true}]}}