{"id":2747,"date":"2001-12-09T00:00:00","date_gmt":"2001-12-09T00:00:00","guid":{"rendered":"https:\/\/miners.rocks\/product\/orig-saurierzahn-auf-phosphatgestein\/"},"modified":"2020-05-19T17:01:31","modified_gmt":"2020-05-19T17:01:31","slug":"orig-dent-de-saurien-sur-roche-phosphatee","status":"publish","type":"product","link":"https:\/\/westgem.shop\/fr\/produit\/orig-dent-de-saurien-sur-roche-phosphatee\/","title":{"rendered":"DOUCHE DE SAURIER originale sur PIERRE DE PHOSPHATE"},"content":{"rendered":"<p>Tr\u00e8s beau SAURIER DENTS de MOSA SAURIER<\/p>\n<p>\u00c2ge : environ 90 millions d'ann\u00e9es .<\/p>\n<p>FOSSIL original avec MATRIX originale ( PIERRE PHOSPHATE) du lieu de d\u00e9couverte original<\/p>\n<p>Dans la PIERRE PHOSPHATE, on peut encore voir de nombreux autres restes fossiles.<\/p>\n<p>PLATEAU DE PHOSPHATE - SAHARA OCCIDENTAL<\/p>\n<p>AFRIQUE DU NORD - L'image 3 est la vue arri\u00e8re .<\/p>\n<p>Poids : 330 g Dimensions : total 12 x 7 x 4 cm La dent est longue de 5 cm<\/p>","protected":false},"excerpt":{"rendered":"<p>Tr\u00e8s belle DENTE de SAURIEN MOSA \u00c2ge : env. 90 millions d'ann\u00e9es . FOSSILE original avec MATRICE originale (PIERRE DE PHOSPHATE) du lieu de d\u00e9couverte original Dans la PIERRE DE PHOSPHATE on peut reconna\u00eetre encore plusieurs autres restes de fossiles. PHOSPHATE PLATEAU - SAHARA OCCIDENTAL NORD AFRIQUE - La photo 3 est la vue arri\u00e8re. Poids : 330 g Dimensions : total 12 x 7 [...]<\/p>","protected":false},"featured_media":4342,"template":"","meta":{"_acf_changed":false},"region":[],"product_brand":[],"product_cat":[15],"product_tag":[],"class_list":{"0":"post-2747","1":"product","2":"type-product","3":"status-publish","4":"has-post-thumbnail","6":"product_cat-mineralien","8":"first","9":"outofstock","10":"sold-individually","11":"product-type-simple"},"acf":[],"_links":{"self":[{"href":"https:\/\/westgem.shop\/fr\/wp-json\/wp\/v2\/product\/2747","targetHints":{"allow":["GET"]}}],"collection":[{"href":"https:\/\/westgem.shop\/fr\/wp-json\/wp\/v2\/product"}],"about":[{"href":"https:\/\/westgem.shop\/fr\/wp-json\/wp\/v2\/types\/product"}],"wp:featuredmedia":[{"embeddable":true,"href":"https:\/\/westgem.shop\/fr\/wp-json\/wp\/v2\/media\/4342"}],"wp:attachment":[{"href":"https:\/\/westgem.shop\/fr\/wp-json\/wp\/v2\/media?parent=2747"}],"wp:term":[{"taxonomy":"region","embeddable":true,"href":"https:\/\/westgem.shop\/fr\/wp-json\/wp\/v2\/region?post=2747"},{"taxonomy":"product_brand","embeddable":true,"href":"https:\/\/westgem.shop\/fr\/wp-json\/wp\/v2\/product_brand?post=2747"},{"taxonomy":"product_cat","embeddable":true,"href":"https:\/\/westgem.shop\/fr\/wp-json\/wp\/v2\/product_cat?post=2747"},{"taxonomy":"product_tag","embeddable":true,"href":"https:\/\/westgem.shop\/fr\/wp-json\/wp\/v2\/product_tag?post=2747"}],"curies":[{"name":"wp","href":"https:\/\/api.w.org\/{rel}","templated":true}]}}