{"id":2749,"date":"2001-12-11T00:00:00","date_gmt":"2001-12-11T00:00:00","guid":{"rendered":"https:\/\/miners.rocks\/product\/saurir-original-zahn\/"},"modified":"2020-05-19T17:01:33","modified_gmt":"2020-05-19T17:01:33","slug":"dent-originale-de-saurir","status":"publish","type":"product","link":"https:\/\/westgem.shop\/fr\/produit\/dent-originale-de-saurir\/","title":{"rendered":"SAURIR Dent originale"},"content":{"rendered":"<p>DENTE DE SAURIER originale d'un SAURIER MOSA en MATRIX originale<\/p>\n<p>PHOSPHATE ROCK avec d'autres restes de FOSSILE du site original .<\/p>\n<p>\u00e2ge env. 90 millions d'ann\u00e9es<\/p>\n<p>Lieu de d\u00e9couverte . Plateau de PHOSPHAT - SAHARA OCCIDENTAL - AFRIQUE DU NORD<\/p>\n<p>Poids : 280 g Dimensions : 10 x 7 x 6 cm La dent est longue de 4,5 cm<\/p>\n<p><u>D'AUTRES DENTS DE SAURIER se trouvent dans la cat\u00e9gorie . FOSSILES<\/u><\/p>","protected":false},"excerpt":{"rendered":"<p>Dent de SAURIER originale d'un MOSA SAURIER dans la roche originale MATRIX PHOSPHATE avec d'autres restes de FOSSILE du site original. \u00c2ge environ 90 millions d'ann\u00e9es Lieu de d\u00e9couverte . PHOSPHAT Plateau - SAHARA OCCIDENTAL - AFRIQUE DU NORD Poids : 280 g Dimensions : 10 x 7 x 6 cm La dent est longue de 4,5 cm D'AUTRES DENTS DE SAURIEN se trouvent dans [...].<\/p>","protected":false},"featured_media":4349,"template":"","meta":{"_acf_changed":false},"region":[],"product_brand":[],"product_cat":[15],"product_tag":[],"class_list":{"0":"post-2749","1":"product","2":"type-product","3":"status-publish","4":"has-post-thumbnail","6":"product_cat-mineralien","8":"first","9":"outofstock","10":"sold-individually","11":"product-type-simple"},"acf":[],"_links":{"self":[{"href":"https:\/\/westgem.shop\/fr\/wp-json\/wp\/v2\/product\/2749","targetHints":{"allow":["GET"]}}],"collection":[{"href":"https:\/\/westgem.shop\/fr\/wp-json\/wp\/v2\/product"}],"about":[{"href":"https:\/\/westgem.shop\/fr\/wp-json\/wp\/v2\/types\/product"}],"wp:featuredmedia":[{"embeddable":true,"href":"https:\/\/westgem.shop\/fr\/wp-json\/wp\/v2\/media\/4349"}],"wp:attachment":[{"href":"https:\/\/westgem.shop\/fr\/wp-json\/wp\/v2\/media?parent=2749"}],"wp:term":[{"taxonomy":"region","embeddable":true,"href":"https:\/\/westgem.shop\/fr\/wp-json\/wp\/v2\/region?post=2749"},{"taxonomy":"product_brand","embeddable":true,"href":"https:\/\/westgem.shop\/fr\/wp-json\/wp\/v2\/product_brand?post=2749"},{"taxonomy":"product_cat","embeddable":true,"href":"https:\/\/westgem.shop\/fr\/wp-json\/wp\/v2\/product_cat?post=2749"},{"taxonomy":"product_tag","embeddable":true,"href":"https:\/\/westgem.shop\/fr\/wp-json\/wp\/v2\/product_tag?post=2749"}],"curies":[{"name":"wp","href":"https:\/\/api.w.org\/{rel}","templated":true}]}}