{"id":2750,"date":"2001-12-12T00:00:00","date_gmt":"2001-12-12T00:00:00","guid":{"rendered":"https:\/\/miners.rocks\/product\/zahn-vom-mosa-saurier\/"},"modified":"2020-05-19T17:01:33","modified_gmt":"2020-05-19T17:01:33","slug":"dent-de-saurien-mosaique","status":"publish","type":"product","link":"https:\/\/westgem.shop\/fr\/produit\/dent-de-saurien-mosaique\/","title":{"rendered":"DENTS du SAURIER MOSA"},"content":{"rendered":"<p>Tr\u00e8s beau SAURIER DENTS original dans la roche m\u00e8re, provenant du site d'origine<\/p>\n<p>\u00e2ge env. 90 millions d'ann\u00e9es<\/p>\n<p>PLATEAU DE PHOSPHATE - SAHARA OCCIDENTAL - AFRIQUE DU NORD<\/p>\n<p>Poids : 220 g Dimensions : 9 x 7x 4 cm Dent : 5 cm de long<\/p>","protected":false},"excerpt":{"rendered":"<p>Tr\u00e8s belle DENT SAURIENNE originale dans la roche m\u00e8re, provenant du site original \u00e2ge env. 90 millions d'ann\u00e9es PHOSPHAT PLATEAU - SAHARA OCCIDENTAL - AFRIQUE DU NORD Poids : 220 g Dimensions : 9 x 7x 4 cm Dent : 5 cm de long<\/p>","protected":false},"featured_media":4353,"template":"","meta":{"_acf_changed":false},"region":[],"product_brand":[],"product_cat":[15],"product_tag":[],"class_list":{"0":"post-2750","1":"product","2":"type-product","3":"status-publish","4":"has-post-thumbnail","6":"product_cat-mineralien","8":"first","9":"outofstock","10":"sold-individually","11":"product-type-simple"},"acf":[],"_links":{"self":[{"href":"https:\/\/westgem.shop\/fr\/wp-json\/wp\/v2\/product\/2750","targetHints":{"allow":["GET"]}}],"collection":[{"href":"https:\/\/westgem.shop\/fr\/wp-json\/wp\/v2\/product"}],"about":[{"href":"https:\/\/westgem.shop\/fr\/wp-json\/wp\/v2\/types\/product"}],"wp:featuredmedia":[{"embeddable":true,"href":"https:\/\/westgem.shop\/fr\/wp-json\/wp\/v2\/media\/4353"}],"wp:attachment":[{"href":"https:\/\/westgem.shop\/fr\/wp-json\/wp\/v2\/media?parent=2750"}],"wp:term":[{"taxonomy":"region","embeddable":true,"href":"https:\/\/westgem.shop\/fr\/wp-json\/wp\/v2\/region?post=2750"},{"taxonomy":"product_brand","embeddable":true,"href":"https:\/\/westgem.shop\/fr\/wp-json\/wp\/v2\/product_brand?post=2750"},{"taxonomy":"product_cat","embeddable":true,"href":"https:\/\/westgem.shop\/fr\/wp-json\/wp\/v2\/product_cat?post=2750"},{"taxonomy":"product_tag","embeddable":true,"href":"https:\/\/westgem.shop\/fr\/wp-json\/wp\/v2\/product_tag?post=2750"}],"curies":[{"name":"wp","href":"https:\/\/api.w.org\/{rel}","templated":true}]}}