{"id":2751,"date":"2001-12-13T00:00:00","date_gmt":"2001-12-13T00:00:00","guid":{"rendered":"https:\/\/miners.rocks\/product\/schalenblende-bleiberg-2\/"},"modified":"2020-05-19T17:01:34","modified_gmt":"2020-05-19T17:01:34","slug":"ecran-de-coque-bleiberg-2","status":"publish","type":"product","link":"https:\/\/westgem.shop\/fr\/produit\/ecran-de-coque-bleiberg-2\/","title":{"rendered":"\u00c9CRAN DE COQUE - BLEIBERG"},"content":{"rendered":"<p>RARIT\u00e4T - BOUCLE - polie d'un c\u00f4t\u00e9.<\/p>\n<p>De la mine de plomb et de zinc de Bleiberg - pi\u00e8ce ancienne provenant d'une ancienne collection, vers 1960<\/p>\n<p>L'ARBRE DE COQUILLAGE est un m\u00e9lange min\u00e9ral plut\u00f4t rare compos\u00e9 de<\/p>\n<p>WURZIT (BETA SULFIDE D'\u00c9TIN) - BLENDE D'\u00c9TIN et GALENIT(BLEIGLANZ)<\/p>\n<p>Tr\u00e8s belle pi\u00e8ce - polie d'un c\u00f4t\u00e9 de la fosse MAX<\/p>\n<p>BLEIBERG\/KREUTH - Carinthie<\/p>\n<p>Poids : 150 g Dimensions : 7 x 5,5 x 4,5 cm<\/p>\n<p>L'image 3 est la face non polie.<\/p>","protected":false},"excerpt":{"rendered":"<p>RARIT\u00c9 - BILLET DE COUPE - poli d'un c\u00f4t\u00e9. Provenant de la mine de plomb et de zinc de Bleiberg - pi\u00e8ce ancienne provenant d'une ancienne collection, vers 1960 LA BULLE DE CUIR est un m\u00e9lange min\u00e9ral plut\u00f4t rare de WURZIT (BETA ZINKSULFID) - BULLE DE ZIN et GALENIT (BLEIGLANZ) Tr\u00e8s belle pi\u00e8ce - polie sur une face provenant de la mine MAX BLEIBERG\/KREUTH - Carinthie Poids : 150 g Dimensions : 7 x 5,5 x [...].<\/p>","protected":false},"featured_media":4356,"template":"","meta":{"_acf_changed":false},"region":[],"product_brand":[],"product_cat":[15],"product_tag":[],"class_list":{"0":"post-2751","1":"product","2":"type-product","3":"status-publish","4":"has-post-thumbnail","6":"product_cat-mineralien","8":"first","9":"outofstock","10":"sold-individually","11":"product-type-simple"},"acf":[],"_links":{"self":[{"href":"https:\/\/westgem.shop\/fr\/wp-json\/wp\/v2\/product\/2751","targetHints":{"allow":["GET"]}}],"collection":[{"href":"https:\/\/westgem.shop\/fr\/wp-json\/wp\/v2\/product"}],"about":[{"href":"https:\/\/westgem.shop\/fr\/wp-json\/wp\/v2\/types\/product"}],"wp:featuredmedia":[{"embeddable":true,"href":"https:\/\/westgem.shop\/fr\/wp-json\/wp\/v2\/media\/4356"}],"wp:attachment":[{"href":"https:\/\/westgem.shop\/fr\/wp-json\/wp\/v2\/media?parent=2751"}],"wp:term":[{"taxonomy":"region","embeddable":true,"href":"https:\/\/westgem.shop\/fr\/wp-json\/wp\/v2\/region?post=2751"},{"taxonomy":"product_brand","embeddable":true,"href":"https:\/\/westgem.shop\/fr\/wp-json\/wp\/v2\/product_brand?post=2751"},{"taxonomy":"product_cat","embeddable":true,"href":"https:\/\/westgem.shop\/fr\/wp-json\/wp\/v2\/product_cat?post=2751"},{"taxonomy":"product_tag","embeddable":true,"href":"https:\/\/westgem.shop\/fr\/wp-json\/wp\/v2\/product_tag?post=2751"}],"curies":[{"name":"wp","href":"https:\/\/api.w.org\/{rel}","templated":true}]}}