{"id":2752,"date":"2001-12-14T00:00:00","date_gmt":"2001-12-14T00:00:00","guid":{"rendered":"https:\/\/miners.rocks\/product\/aktinolith-xx-zillertal\/"},"modified":"2020-05-19T17:01:34","modified_gmt":"2020-05-19T17:01:34","slug":"actinolite-xx-zillertal","status":"publish","type":"product","link":"https:\/\/westgem.shop\/fr\/produit\/actinolite-xx-zillertal\/","title":{"rendered":"AKTINOLITH xx - VALL\u00c9E DU CILLER"},"content":{"rendered":"<p>Tr\u00e8s belle STUPE D'ACTINOLITE ALPINE de la vall\u00e9e de ZILLER.<\/p>\n<p>Cristaux abondants, brillants, noirs et verts dans la roche m\u00e8re.<\/p>\n<p>Il y a ici plusieurs stations d'ACTINOLITH - celle-ci, issue d'une ancienne collection, n'avait pas d'indication de localisation pr\u00e9cise, seulement le Zillertal.<\/p>\n<p>Poids : 550 g Dimensions : 10 x 9 x 5 cm xx \u00e0 3,5 cm<\/p>","protected":false},"excerpt":{"rendered":"<p>Tr\u00e8s belle nuance d'ACTINOLITE ALPINE de la vall\u00e9e de CILLER. Abondance de cristaux brillants, noirs et verts dans la roche m\u00e8re. Il y a plusieurs stations d'AKTINOLITH dans cette r\u00e9gion - celle-ci, provenant d'une ancienne collection, n'avait pas d'indication de station plus pr\u00e9cise, seulement Zillertal. Poids : 550 g Dimensions : 10 x 9 x 5 cm xx \u00e0 3,5 cm<\/p>","protected":false},"featured_media":4359,"template":"","meta":{"_acf_changed":false},"region":[],"product_brand":[],"product_cat":[15],"product_tag":[],"class_list":{"0":"post-2752","1":"product","2":"type-product","3":"status-publish","4":"has-post-thumbnail","6":"product_cat-mineralien","8":"first","9":"outofstock","10":"sold-individually","11":"product-type-simple"},"acf":[],"_links":{"self":[{"href":"https:\/\/westgem.shop\/fr\/wp-json\/wp\/v2\/product\/2752","targetHints":{"allow":["GET"]}}],"collection":[{"href":"https:\/\/westgem.shop\/fr\/wp-json\/wp\/v2\/product"}],"about":[{"href":"https:\/\/westgem.shop\/fr\/wp-json\/wp\/v2\/types\/product"}],"wp:featuredmedia":[{"embeddable":true,"href":"https:\/\/westgem.shop\/fr\/wp-json\/wp\/v2\/media\/4359"}],"wp:attachment":[{"href":"https:\/\/westgem.shop\/fr\/wp-json\/wp\/v2\/media?parent=2752"}],"wp:term":[{"taxonomy":"region","embeddable":true,"href":"https:\/\/westgem.shop\/fr\/wp-json\/wp\/v2\/region?post=2752"},{"taxonomy":"product_brand","embeddable":true,"href":"https:\/\/westgem.shop\/fr\/wp-json\/wp\/v2\/product_brand?post=2752"},{"taxonomy":"product_cat","embeddable":true,"href":"https:\/\/westgem.shop\/fr\/wp-json\/wp\/v2\/product_cat?post=2752"},{"taxonomy":"product_tag","embeddable":true,"href":"https:\/\/westgem.shop\/fr\/wp-json\/wp\/v2\/product_tag?post=2752"}],"curies":[{"name":"wp","href":"https:\/\/api.w.org\/{rel}","templated":true}]}}