{"id":2753,"date":"2001-12-15T00:00:00","date_gmt":"2001-12-15T00:00:00","guid":{"rendered":"https:\/\/miners.rocks\/product\/falkenauge-tigerauge-roh-3\/"},"modified":"2020-05-19T17:01:34","modified_gmt":"2020-05-19T17:01:34","slug":"oeil-de-faucon-oeil-de-tigre-brut-3","status":"publish","type":"product","link":"https:\/\/westgem.shop\/fr\/produit\/oeil-de-faucon-oeil-de-tigre-brut-3\/","title":{"rendered":"\u0152il de faucon \/ \u0152il de tigre - ROH"},"content":{"rendered":"<p>Tr\u00e8s belle pierre brute, tr\u00e8s d\u00e9corative.<\/p>\n<p>QUARTZ OEIL DE FAUCON - OEIL DE TIGRE , partiellement LIMONIS\u00c9.<\/p>\n<p>L'\u0153il de faucon bleu-gris donne naissance au c\u00e9l\u00e8bre \u0153il de tigre par intercalation de FER de deuxi\u00e8me valeur.<\/p>\n<p>Les photos montrent la pierre brute sous tous les angles.<\/p>\n<p>Dans cette pierre brute, il y a les DEUX VARI\u00c9T\u00c9S et encore des PARTIES de quartz blanc entre les deux.<\/p>\n<p>Lieu de d\u00e9couverte : BANDET IRON MINE - GRIQUALAND - PROVINCE DE CAPE DU NORD<\/p>\n<p>AFRIQUE DU SUD<\/p>\n<p>Poids : 0,9 kilogramme Dimensions : 13 x 6 x 6 cm<\/p>","protected":false},"excerpt":{"rendered":"<p>Tr\u00e8s belle pierre brute, tr\u00e8s d\u00e9corative. QUARTZ \u0153il de faucon-\u0153il de tigre, partiellement LIMONIS\u00c9. L'\u0153il de faucon bleu-gris donne naissance au fameux \u0153il de tigre gr\u00e2ce \u00e0 l'incorporation de FER de deuxi\u00e8me qualit\u00e9. Les photos montrent la pierre brute sous tous les angles. Dans cette pierre brute, il y a les DEUX VARI\u00c9T\u00c9S et des PARTIES de quartz blanc entre elles. Lieu de la d\u00e9couverte : BANDET IRON MINE - GRIQUALAND - PROVINCE DE LA CAPE DU NORD AFRIQUE DU SUD Poids : 0,9 kilogramme [...].<\/p>","protected":false},"featured_media":4362,"template":"","meta":{"_acf_changed":false},"region":[],"product_brand":[],"product_cat":[15],"product_tag":[],"class_list":{"0":"post-2753","1":"product","2":"type-product","3":"status-publish","4":"has-post-thumbnail","6":"product_cat-mineralien","8":"first","9":"outofstock","10":"sold-individually","11":"product-type-simple"},"acf":[],"_links":{"self":[{"href":"https:\/\/westgem.shop\/fr\/wp-json\/wp\/v2\/product\/2753","targetHints":{"allow":["GET"]}}],"collection":[{"href":"https:\/\/westgem.shop\/fr\/wp-json\/wp\/v2\/product"}],"about":[{"href":"https:\/\/westgem.shop\/fr\/wp-json\/wp\/v2\/types\/product"}],"wp:featuredmedia":[{"embeddable":true,"href":"https:\/\/westgem.shop\/fr\/wp-json\/wp\/v2\/media\/4362"}],"wp:attachment":[{"href":"https:\/\/westgem.shop\/fr\/wp-json\/wp\/v2\/media?parent=2753"}],"wp:term":[{"taxonomy":"region","embeddable":true,"href":"https:\/\/westgem.shop\/fr\/wp-json\/wp\/v2\/region?post=2753"},{"taxonomy":"product_brand","embeddable":true,"href":"https:\/\/westgem.shop\/fr\/wp-json\/wp\/v2\/product_brand?post=2753"},{"taxonomy":"product_cat","embeddable":true,"href":"https:\/\/westgem.shop\/fr\/wp-json\/wp\/v2\/product_cat?post=2753"},{"taxonomy":"product_tag","embeddable":true,"href":"https:\/\/westgem.shop\/fr\/wp-json\/wp\/v2\/product_tag?post=2753"}],"curies":[{"name":"wp","href":"https:\/\/api.w.org\/{rel}","templated":true}]}}