{"id":2754,"date":"2001-12-16T00:00:00","date_gmt":"2001-12-16T00:00:00","guid":{"rendered":"https:\/\/miners.rocks\/product\/huettenberg-amethyst\/"},"modified":"2020-05-19T17:01:35","modified_gmt":"2020-05-19T17:01:35","slug":"huettenberg-amethyste","status":"publish","type":"product","link":"https:\/\/westgem.shop\/fr\/produit\/huettenberg-amethyste\/","title":{"rendered":"H\u00fcttenberg \"AMETHYST\""},"content":{"rendered":"<p>H\u00fcttenbergER \"AMETHYST\" \u00e9tait le terme utilis\u00e9 \u00e0 l'\u00e9poque par les mineurs pour d\u00e9signer ces pi\u00e8ces.<\/p>\n<p>AMETHYST en tant que tel ne l'est \u00e9videmment pas !<\/p>\n<p>Les petits cristaux de quartz clairs prennent cette teinte bleu-violet gr\u00e2ce aux couches de CHALCEDON bleu sur lesquelles ils ont pouss\u00e9.<\/p>\n<p>La roche m\u00e8re est la SIDERITE, une roche ferrugineuse brune, et les ions de fer donnent \u00e0 la CHALCEDON, normalement blanche, sa couleur bleut\u00e9e.<\/p>\n<p>Ancienne pi\u00e8ce provenant d'une exploitation mini\u00e8re d\u00e9j\u00e0 ferm\u00e9e dans les ann\u00e9es 1970.<\/p>\n<p>Poids : 390 g Dimensions : 9 x 6 x 6 cm<\/p>","protected":false},"excerpt":{"rendered":"<p>H\u00fcttenbergER \"AMETHYST\" \u00e9tait le terme utilis\u00e9 \u00e0 l'\u00e9poque par les mineurs pour d\u00e9signer ces pi\u00e8ces. Il ne s'agit \u00e9videmment pas d'AMETHYST en tant que tel ! Les petits cristaux de quartz clairs prennent cette teinte bleu-violet gr\u00e2ce aux couches de CHALCEDON bleu sur lesquelles ils ont grandi. La roche m\u00e8re est de la siderite - pierre de fer brune, les ions de fer donnent aux CHALCEDON, par ailleurs blancs, la [...].<\/p>","protected":false},"featured_media":4367,"template":"","meta":{"_acf_changed":false},"region":[],"product_brand":[],"product_cat":[15],"product_tag":[],"class_list":{"0":"post-2754","1":"product","2":"type-product","3":"status-publish","4":"has-post-thumbnail","6":"product_cat-mineralien","8":"first","9":"outofstock","10":"sold-individually","11":"product-type-simple"},"acf":[],"_links":{"self":[{"href":"https:\/\/westgem.shop\/fr\/wp-json\/wp\/v2\/product\/2754","targetHints":{"allow":["GET"]}}],"collection":[{"href":"https:\/\/westgem.shop\/fr\/wp-json\/wp\/v2\/product"}],"about":[{"href":"https:\/\/westgem.shop\/fr\/wp-json\/wp\/v2\/types\/product"}],"wp:featuredmedia":[{"embeddable":true,"href":"https:\/\/westgem.shop\/fr\/wp-json\/wp\/v2\/media\/4367"}],"wp:attachment":[{"href":"https:\/\/westgem.shop\/fr\/wp-json\/wp\/v2\/media?parent=2754"}],"wp:term":[{"taxonomy":"region","embeddable":true,"href":"https:\/\/westgem.shop\/fr\/wp-json\/wp\/v2\/region?post=2754"},{"taxonomy":"product_brand","embeddable":true,"href":"https:\/\/westgem.shop\/fr\/wp-json\/wp\/v2\/product_brand?post=2754"},{"taxonomy":"product_cat","embeddable":true,"href":"https:\/\/westgem.shop\/fr\/wp-json\/wp\/v2\/product_cat?post=2754"},{"taxonomy":"product_tag","embeddable":true,"href":"https:\/\/westgem.shop\/fr\/wp-json\/wp\/v2\/product_tag?post=2754"}],"curies":[{"name":"wp","href":"https:\/\/api.w.org\/{rel}","templated":true}]}}