{"id":2755,"date":"2001-12-17T00:00:00","date_gmt":"2001-12-17T00:00:00","guid":{"rendered":"https:\/\/miners.rocks\/product\/siderit-xx-huettenberg\/"},"modified":"2020-05-19T17:01:36","modified_gmt":"2020-05-19T17:01:36","slug":"siderit-xx-huettenberg","status":"publish","type":"product","link":"https:\/\/westgem.shop\/fr\/produit\/siderit-xx-huettenberg\/","title":{"rendered":"SIDERIT XX - H\u00dcTTENBERG"},"content":{"rendered":"<p>De la fameuse mine.<\/p>\n<p> SIDERITE avec des cristaux de SPATE DE FER et de petites CALCITES blanches xx.<\/p>\n<p>SIDERIT \u00e9tait et reste un important MINERAIRE DE FER - \u00e0 H\u00fcttenberg, le MINERAI tr\u00e8s convoit\u00e9 \u00e9tait d\u00e9j\u00e0 exploit\u00e9 par les KELTEN il y a plus de 2 000 ans et \u00e9tait connu loin \u00e0 la ronde sous le nom de FER NORDIQUE.<\/p>\n<p>NIVEAU SIDERIT - Poids : 370 g Dimensions : 9 x 8 x 3 cm<\/p>","protected":false},"excerpt":{"rendered":"<p>Provient des c\u00e9l\u00e8bres mines. SIDERITE avec des cristaux de SPATE DE FER bien form\u00e9s et de petites CALCITES blanches xx. La SIDERITE \u00e9tait et reste un important MINERAIRE DE FER - \u00e0 H\u00fcttenberg, ce minerai convoit\u00e9 \u00e9tait d\u00e9j\u00e0 exploit\u00e9 par les KELTEN il y a plus de 2.000 ans et \u00e9tait largement connu sous le nom de FER NORDIQUE. SIDERIT STUFE - Poids : 370 g Dimensions : 9 [...]<\/p>","protected":false},"featured_media":4371,"template":"","meta":{"_acf_changed":false},"region":[],"product_brand":[],"product_cat":[15],"product_tag":[],"class_list":{"0":"post-2755","1":"product","2":"type-product","3":"status-publish","4":"has-post-thumbnail","6":"product_cat-mineralien","8":"first","9":"outofstock","10":"sold-individually","11":"product-type-simple"},"acf":[],"_links":{"self":[{"href":"https:\/\/westgem.shop\/fr\/wp-json\/wp\/v2\/product\/2755","targetHints":{"allow":["GET"]}}],"collection":[{"href":"https:\/\/westgem.shop\/fr\/wp-json\/wp\/v2\/product"}],"about":[{"href":"https:\/\/westgem.shop\/fr\/wp-json\/wp\/v2\/types\/product"}],"wp:featuredmedia":[{"embeddable":true,"href":"https:\/\/westgem.shop\/fr\/wp-json\/wp\/v2\/media\/4371"}],"wp:attachment":[{"href":"https:\/\/westgem.shop\/fr\/wp-json\/wp\/v2\/media?parent=2755"}],"wp:term":[{"taxonomy":"region","embeddable":true,"href":"https:\/\/westgem.shop\/fr\/wp-json\/wp\/v2\/region?post=2755"},{"taxonomy":"product_brand","embeddable":true,"href":"https:\/\/westgem.shop\/fr\/wp-json\/wp\/v2\/product_brand?post=2755"},{"taxonomy":"product_cat","embeddable":true,"href":"https:\/\/westgem.shop\/fr\/wp-json\/wp\/v2\/product_cat?post=2755"},{"taxonomy":"product_tag","embeddable":true,"href":"https:\/\/westgem.shop\/fr\/wp-json\/wp\/v2\/product_tag?post=2755"}],"curies":[{"name":"wp","href":"https:\/\/api.w.org\/{rel}","templated":true}]}}