{"id":2756,"date":"2001-12-18T00:00:00","date_gmt":"2001-12-18T00:00:00","guid":{"rendered":"https:\/\/miners.rocks\/product\/chalcedon-stalagtitisch-huettenberg\/"},"modified":"2020-05-19T17:01:36","modified_gmt":"2020-05-19T17:01:36","slug":"chalcedoine-stalagtite-huettenberg","status":"publish","type":"product","link":"https:\/\/westgem.shop\/fr\/produit\/chalcedoine-stalagtite-huettenberg\/","title":{"rendered":"CHALCEDON- Table stalagmitique - H\u00dcTTENBERG"},"content":{"rendered":"<p>Belle pi\u00e8ce justificative du c\u00e9l\u00e8bre H\u00fcttenbergER CHALCEDON.<\/p>\n<p>Partiellement sessiles,CHALCEDON stalagmitique sur SIDERITE - ESPATE DE FER<\/p>\n<p>Poids : 570 g Dimensions : 13 x 10 x 3 cm<\/p>\n<p>L'image 3 est la face inf\u00e9rieure.<\/p>","protected":false},"excerpt":{"rendered":"<p>Beau sp\u00e9cimen du c\u00e9l\u00e8bre CHALCEDON de H\u00fcttenberg. Partiellement sillonn\u00e9, CHALCEDON stalagmitique sur SIDERITE - ESPATE DE FER Poids : 570 g Dimensions : 13 x 10 x 3 cm La photo 3 est la face inf\u00e9rieure .<\/p>","protected":false},"featured_media":4374,"template":"","meta":{"_acf_changed":false},"region":[],"product_brand":[],"product_cat":[15],"product_tag":[],"class_list":{"0":"post-2756","1":"product","2":"type-product","3":"status-publish","4":"has-post-thumbnail","6":"product_cat-mineralien","8":"first","9":"outofstock","10":"sold-individually","11":"product-type-simple"},"acf":[],"_links":{"self":[{"href":"https:\/\/westgem.shop\/fr\/wp-json\/wp\/v2\/product\/2756","targetHints":{"allow":["GET"]}}],"collection":[{"href":"https:\/\/westgem.shop\/fr\/wp-json\/wp\/v2\/product"}],"about":[{"href":"https:\/\/westgem.shop\/fr\/wp-json\/wp\/v2\/types\/product"}],"wp:featuredmedia":[{"embeddable":true,"href":"https:\/\/westgem.shop\/fr\/wp-json\/wp\/v2\/media\/4374"}],"wp:attachment":[{"href":"https:\/\/westgem.shop\/fr\/wp-json\/wp\/v2\/media?parent=2756"}],"wp:term":[{"taxonomy":"region","embeddable":true,"href":"https:\/\/westgem.shop\/fr\/wp-json\/wp\/v2\/region?post=2756"},{"taxonomy":"product_brand","embeddable":true,"href":"https:\/\/westgem.shop\/fr\/wp-json\/wp\/v2\/product_brand?post=2756"},{"taxonomy":"product_cat","embeddable":true,"href":"https:\/\/westgem.shop\/fr\/wp-json\/wp\/v2\/product_cat?post=2756"},{"taxonomy":"product_tag","embeddable":true,"href":"https:\/\/westgem.shop\/fr\/wp-json\/wp\/v2\/product_tag?post=2756"}],"curies":[{"name":"wp","href":"https:\/\/api.w.org\/{rel}","templated":true}]}}