{"id":2757,"date":"2001-12-19T00:00:00","date_gmt":"2001-12-19T00:00:00","guid":{"rendered":"https:\/\/miners.rocks\/product\/chalcedon-in-siderit-eisenerz\/"},"modified":"2020-05-19T17:01:37","modified_gmt":"2020-05-19T17:01:37","slug":"chalcedoine-dans-siderite-minerai-de-fer","status":"publish","type":"product","link":"https:\/\/westgem.shop\/fr\/produit\/chalcedoine-dans-siderite-minerai-de-fer\/","title":{"rendered":"CHALCEDON \u00e0 SIDERIT EISENERZ"},"content":{"rendered":"<p>Tr\u00e8s grande CHALCEDON en grappe - bleu clair, dans une colonne de SIDERIT.<\/p>\n<p>Les CHALCEDONE de H\u00fcttenberg ont toujours \u00e9t\u00e9 un min\u00e9ral de collection tr\u00e8s recherch\u00e9, surtout maintenant qu'il n'y a pratiquement plus de mat\u00e9riau disponible.<\/p>\n<p>Poids de cette pi\u00e8ce<u>1,2 kilogramme<\/u>   Dimensions : 14 x 11 x 10 cm<\/p>","protected":false},"excerpt":{"rendered":"<p>Tr\u00e8s grande CHALCEDON en grappe - bleu clair, dans une fissure de SIDERIT. Les CHALCEDONES de H\u00fcttenberg ont toujours \u00e9t\u00e9 un min\u00e9ral de collection tr\u00e8s recherch\u00e9, surtout maintenant qu'il n'y a pratiquement plus de mat\u00e9riau disponible. Poids de la pi\u00e8ce : 1,2 kilogramme Dimensions : 14 x 11 x 10 cm<\/p>","protected":false},"featured_media":4377,"template":"","meta":{"_acf_changed":false},"region":[],"product_brand":[],"product_cat":[15],"product_tag":[],"class_list":{"0":"post-2757","1":"product","2":"type-product","3":"status-publish","4":"has-post-thumbnail","6":"product_cat-mineralien","8":"first","9":"outofstock","10":"sold-individually","11":"product-type-simple"},"acf":[],"_links":{"self":[{"href":"https:\/\/westgem.shop\/fr\/wp-json\/wp\/v2\/product\/2757","targetHints":{"allow":["GET"]}}],"collection":[{"href":"https:\/\/westgem.shop\/fr\/wp-json\/wp\/v2\/product"}],"about":[{"href":"https:\/\/westgem.shop\/fr\/wp-json\/wp\/v2\/types\/product"}],"wp:featuredmedia":[{"embeddable":true,"href":"https:\/\/westgem.shop\/fr\/wp-json\/wp\/v2\/media\/4377"}],"wp:attachment":[{"href":"https:\/\/westgem.shop\/fr\/wp-json\/wp\/v2\/media?parent=2757"}],"wp:term":[{"taxonomy":"region","embeddable":true,"href":"https:\/\/westgem.shop\/fr\/wp-json\/wp\/v2\/region?post=2757"},{"taxonomy":"product_brand","embeddable":true,"href":"https:\/\/westgem.shop\/fr\/wp-json\/wp\/v2\/product_brand?post=2757"},{"taxonomy":"product_cat","embeddable":true,"href":"https:\/\/westgem.shop\/fr\/wp-json\/wp\/v2\/product_cat?post=2757"},{"taxonomy":"product_tag","embeddable":true,"href":"https:\/\/westgem.shop\/fr\/wp-json\/wp\/v2\/product_tag?post=2757"}],"curies":[{"name":"wp","href":"https:\/\/api.w.org\/{rel}","templated":true}]}}