{"id":2758,"date":"2001-12-20T00:00:00","date_gmt":"2001-12-20T00:00:00","guid":{"rendered":"https:\/\/miners.rocks\/product\/mookait-roh-2\/"},"modified":"2020-05-19T17:01:37","modified_gmt":"2020-05-19T17:01:37","slug":"mookait-brut-2","status":"publish","type":"product","link":"https:\/\/westgem.shop\/fr\/produit\/mookait-brut-2\/","title":{"rendered":"Mookait - ROH"},"content":{"rendered":"<p>Mookait -<\/p>\n<p>CHALCEDONE-PIERRE-OPALITH Min\u00e9ral<\/p>\n<p>plus de 1 MILLIARDE D'ANS !<\/p>\n<p>Unique site au monde :<\/p>\n<p>MOOKA CREEK - Rivi\u00e8re Gascoyne - OUEST Australie<\/p>\n<p>Poids : 800 g Dimensions : 14 x 11 x 7 cm<\/p>\n<p>1 c\u00f4t\u00e9 coup\u00e9 - non poli .<\/p>","protected":false},"excerpt":{"rendered":"<p>Mookait - CHALCEDON-OPALITH min\u00e9ral de plus de 1 MILLIARDE D'ANCIENS ! Seul site au monde : MOOKA CREEK - Gascoyne River - WEST Australia Poids : 800 g Dimensions : 14 x 11 x 7 cm 1 face coup\u00e9e - non polie .<\/p>","protected":false},"featured_media":4380,"template":"","meta":{"_acf_changed":false},"region":[],"product_brand":[],"product_cat":[15],"product_tag":[],"class_list":{"0":"post-2758","1":"product","2":"type-product","3":"status-publish","4":"has-post-thumbnail","6":"product_cat-mineralien","8":"first","9":"outofstock","10":"sold-individually","11":"product-type-simple"},"acf":[],"_links":{"self":[{"href":"https:\/\/westgem.shop\/fr\/wp-json\/wp\/v2\/product\/2758","targetHints":{"allow":["GET"]}}],"collection":[{"href":"https:\/\/westgem.shop\/fr\/wp-json\/wp\/v2\/product"}],"about":[{"href":"https:\/\/westgem.shop\/fr\/wp-json\/wp\/v2\/types\/product"}],"wp:featuredmedia":[{"embeddable":true,"href":"https:\/\/westgem.shop\/fr\/wp-json\/wp\/v2\/media\/4380"}],"wp:attachment":[{"href":"https:\/\/westgem.shop\/fr\/wp-json\/wp\/v2\/media?parent=2758"}],"wp:term":[{"taxonomy":"region","embeddable":true,"href":"https:\/\/westgem.shop\/fr\/wp-json\/wp\/v2\/region?post=2758"},{"taxonomy":"product_brand","embeddable":true,"href":"https:\/\/westgem.shop\/fr\/wp-json\/wp\/v2\/product_brand?post=2758"},{"taxonomy":"product_cat","embeddable":true,"href":"https:\/\/westgem.shop\/fr\/wp-json\/wp\/v2\/product_cat?post=2758"},{"taxonomy":"product_tag","embeddable":true,"href":"https:\/\/westgem.shop\/fr\/wp-json\/wp\/v2\/product_tag?post=2758"}],"curies":[{"name":"wp","href":"https:\/\/api.w.org\/{rel}","templated":true}]}}