{"id":2759,"date":"2001-12-21T00:00:00","date_gmt":"2001-12-21T00:00:00","guid":{"rendered":"https:\/\/miners.rocks\/product\/echte-jade-nephrit-canada\/"},"modified":"2020-05-19T17:01:39","modified_gmt":"2020-05-19T17:01:39","slug":"veritable-jade-nephrite-canada","status":"publish","type":"product","link":"https:\/\/westgem.shop\/fr\/produit\/veritable-jade-nephrite-canada\/","title":{"rendered":"V\u00e9ritable JADE - NEPHRIT - CANADA"},"content":{"rendered":"<p>Seuls les min\u00e9raux font partie du VRAI JADE<\/p>\n<p>JADEIT - NEPHRIT et MAW SIT SIT<\/p>\n<p>Cette pierre brute de JADE NEPHRITE - CANARD ! provient de la<\/p>\n<p>MINE CASSIER en COLOMBIE BRITANNIQUE dans l'ouest du CANADA<\/p>\n<p>Sur 3 c\u00f4t\u00e9s 'surfaces de coupe - non polies !<\/p>\n<p>Poids : 430 g Dimensions : 8 x 5,5 x 6 cm<\/p>","protected":false},"excerpt":{"rendered":"<p>Le VRAI JADE ne comprend que les min\u00e9raux JADEIT - NEPHRIT et MAW SIT SIT Cette pierre brute de JADE NEPHRIT - CANARDIEN ! provient de la MINE CASSIER en COLUMBIE BRITANNIQUE \u00e0 l'OUEST du CANADA Sur 3 c\u00f4t\u00e9s 'surfaces de coupe - non polies ! Poids : 430 g Dimensions : 8 x 5,5 x 6 cm<\/p>","protected":false},"featured_media":4384,"template":"","meta":{"_acf_changed":false},"region":[],"product_brand":[],"product_cat":[15],"product_tag":[],"class_list":{"0":"post-2759","1":"product","2":"type-product","3":"status-publish","4":"has-post-thumbnail","6":"product_cat-mineralien","8":"first","9":"outofstock","10":"sold-individually","11":"product-type-simple"},"acf":[],"_links":{"self":[{"href":"https:\/\/westgem.shop\/fr\/wp-json\/wp\/v2\/product\/2759","targetHints":{"allow":["GET"]}}],"collection":[{"href":"https:\/\/westgem.shop\/fr\/wp-json\/wp\/v2\/product"}],"about":[{"href":"https:\/\/westgem.shop\/fr\/wp-json\/wp\/v2\/types\/product"}],"wp:featuredmedia":[{"embeddable":true,"href":"https:\/\/westgem.shop\/fr\/wp-json\/wp\/v2\/media\/4384"}],"wp:attachment":[{"href":"https:\/\/westgem.shop\/fr\/wp-json\/wp\/v2\/media?parent=2759"}],"wp:term":[{"taxonomy":"region","embeddable":true,"href":"https:\/\/westgem.shop\/fr\/wp-json\/wp\/v2\/region?post=2759"},{"taxonomy":"product_brand","embeddable":true,"href":"https:\/\/westgem.shop\/fr\/wp-json\/wp\/v2\/product_brand?post=2759"},{"taxonomy":"product_cat","embeddable":true,"href":"https:\/\/westgem.shop\/fr\/wp-json\/wp\/v2\/product_cat?post=2759"},{"taxonomy":"product_tag","embeddable":true,"href":"https:\/\/westgem.shop\/fr\/wp-json\/wp\/v2\/product_tag?post=2759"}],"curies":[{"name":"wp","href":"https:\/\/api.w.org\/{rel}","templated":true}]}}