{"id":2760,"date":"2001-12-22T00:00:00","date_gmt":"2001-12-22T00:00:00","guid":{"rendered":"https:\/\/miners.rocks\/product\/tigereisen-roh-2\/"},"modified":"2020-05-19T17:01:39","modified_gmt":"2020-05-19T17:01:39","slug":"fer-de-tigre-brut-2","status":"publish","type":"product","link":"https:\/\/westgem.shop\/fr\/produit\/fer-de-tigre-brut-2\/","title":{"rendered":"Fer du tigre - ROH"},"content":{"rendered":"<p>Le fer tigr\u00e9 est un m\u00e9lange min\u00e9ral compos\u00e9 de<\/p>\n<p>Jaspe brun rouge - magn\u00e9tite\/h\u00e9matite noire m\u00e9tallique et \u0153il de tigre dor\u00e9<\/p>\n<p>Sp\u00e9cialement les couches de magn\u00e9tite et d'h\u00e9matite <u>sont des minerais ruban\u00e9s vieux de 2,3 milliards d'ann\u00e9es<\/u> qui se sont \u00e9chapp\u00e9s de volcans et se sont d\u00e9pos\u00e9s dans des fosses en eaux profondes.<\/p>\n<p>BANDET IRON MINE - Province du Cap-Nord<\/p>\n<p>AFRIQUE DU SUD<\/p>\n<p>Poids : 2,2 kilogrammes Dimensions : 19 x 14 x 8 cm<\/p>","protected":false},"excerpt":{"rendered":"<p>Le fer du tigre est un m\u00e9lange min\u00e9ral de jaspe rouge-brun - de magn\u00e9tite\/h\u00e9matite noire m\u00e9tallique et d'\u0153il de tigre dor\u00e9. Les couches de magn\u00e9tite\/h\u00e9matite sont des minerais ruban\u00e9s vieux de 2,3 milliards d'ann\u00e9es qui se sont \u00e9chapp\u00e9s de volcans et se sont d\u00e9pos\u00e9s dans des fosses en eaux profondes. MINE DE FER BANDET - Province du Cap Nord Sud de l'AFRIQUE Poids : 2,2 kilogrammes Dimensions : 19 x 14 x 8 cm<\/p>","protected":false},"featured_media":4388,"template":"","meta":{"_acf_changed":false},"region":[],"product_brand":[],"product_cat":[15],"product_tag":[],"class_list":{"0":"post-2760","1":"product","2":"type-product","3":"status-publish","4":"has-post-thumbnail","6":"product_cat-mineralien","8":"first","9":"outofstock","10":"sold-individually","11":"product-type-simple"},"acf":[],"_links":{"self":[{"href":"https:\/\/westgem.shop\/fr\/wp-json\/wp\/v2\/product\/2760","targetHints":{"allow":["GET"]}}],"collection":[{"href":"https:\/\/westgem.shop\/fr\/wp-json\/wp\/v2\/product"}],"about":[{"href":"https:\/\/westgem.shop\/fr\/wp-json\/wp\/v2\/types\/product"}],"wp:featuredmedia":[{"embeddable":true,"href":"https:\/\/westgem.shop\/fr\/wp-json\/wp\/v2\/media\/4388"}],"wp:attachment":[{"href":"https:\/\/westgem.shop\/fr\/wp-json\/wp\/v2\/media?parent=2760"}],"wp:term":[{"taxonomy":"region","embeddable":true,"href":"https:\/\/westgem.shop\/fr\/wp-json\/wp\/v2\/region?post=2760"},{"taxonomy":"product_brand","embeddable":true,"href":"https:\/\/westgem.shop\/fr\/wp-json\/wp\/v2\/product_brand?post=2760"},{"taxonomy":"product_cat","embeddable":true,"href":"https:\/\/westgem.shop\/fr\/wp-json\/wp\/v2\/product_cat?post=2760"},{"taxonomy":"product_tag","embeddable":true,"href":"https:\/\/westgem.shop\/fr\/wp-json\/wp\/v2\/product_tag?post=2760"}],"curies":[{"name":"wp","href":"https:\/\/api.w.org\/{rel}","templated":true}]}}