{"id":2761,"date":"2001-12-23T00:00:00","date_gmt":"2001-12-23T00:00:00","guid":{"rendered":"https:\/\/miners.rocks\/product\/roter-glaskopf-haematit\/"},"modified":"2020-05-19T17:01:40","modified_gmt":"2020-05-19T17:01:40","slug":"tete-de-verre-rouge-hematite","status":"publish","type":"product","link":"https:\/\/westgem.shop\/fr\/produit\/tete-de-verre-rouge-hematite\/","title":{"rendered":"T\u00caTE DE VERRE rouge - H\u00c9MATITE"},"content":{"rendered":"<p>T\u00caTE DE VERRE ROUGE - H\u00e9matite Fe2O3<\/p>\n<p>La T\u00caTE DE VERRE rouge est une pierre de fer rouge ou d'h\u00e9matite. L'h\u00e9matite rouge est une roche rouge dont la surface est lisse et ressemble \u00e0 une t\u00eate de verre.<\/p>\n<p>Belle,petite pi\u00e8ce \u00e0 main avec des surfaces brillantes.<\/p>\n<p>Knollengrube Bad Lauterberg im HARZ - ALLEMAGNE<\/p>\n<p>Poids : 160 g Dimensions : 7 x 5 x 3,5 cm<\/p>","protected":false},"excerpt":{"rendered":"<p>T\u00caTE DE VERRE ROUGE - H\u00e9matite Fe2O3 On appelle T\u00caTE DE VERRE rouge une pierre de FER ROUGE ou une h\u00e9matite \u00e0 surface lisse. h\u00e9matite, avec une surface lisse comme une t\u00eate de verre. Belle petite pi\u00e8ce \u00e0 main avec des surfaces brillantes. Knollengrube Bad Lauterberg im HARZ - ALLEMAGNE Poids : 160 g Dimensions : 7 x 5 x 3,5 cm<\/p>","protected":false},"featured_media":4391,"template":"","meta":{"_acf_changed":false},"region":[],"product_brand":[],"product_cat":[15],"product_tag":[],"class_list":{"0":"post-2761","1":"product","2":"type-product","3":"status-publish","4":"has-post-thumbnail","6":"product_cat-mineralien","8":"first","9":"outofstock","10":"sold-individually","11":"product-type-simple"},"acf":[],"_links":{"self":[{"href":"https:\/\/westgem.shop\/fr\/wp-json\/wp\/v2\/product\/2761","targetHints":{"allow":["GET"]}}],"collection":[{"href":"https:\/\/westgem.shop\/fr\/wp-json\/wp\/v2\/product"}],"about":[{"href":"https:\/\/westgem.shop\/fr\/wp-json\/wp\/v2\/types\/product"}],"wp:featuredmedia":[{"embeddable":true,"href":"https:\/\/westgem.shop\/fr\/wp-json\/wp\/v2\/media\/4391"}],"wp:attachment":[{"href":"https:\/\/westgem.shop\/fr\/wp-json\/wp\/v2\/media?parent=2761"}],"wp:term":[{"taxonomy":"region","embeddable":true,"href":"https:\/\/westgem.shop\/fr\/wp-json\/wp\/v2\/region?post=2761"},{"taxonomy":"product_brand","embeddable":true,"href":"https:\/\/westgem.shop\/fr\/wp-json\/wp\/v2\/product_brand?post=2761"},{"taxonomy":"product_cat","embeddable":true,"href":"https:\/\/westgem.shop\/fr\/wp-json\/wp\/v2\/product_cat?post=2761"},{"taxonomy":"product_tag","embeddable":true,"href":"https:\/\/westgem.shop\/fr\/wp-json\/wp\/v2\/product_tag?post=2761"}],"curies":[{"name":"wp","href":"https:\/\/api.w.org\/{rel}","templated":true}]}}