{"id":2765,"date":"2001-12-27T00:00:00","date_gmt":"2001-12-27T00:00:00","guid":{"rendered":"https:\/\/miners.rocks\/product\/gelber-fluorit-xx-4\/"},"modified":"2020-05-19T17:01:42","modified_gmt":"2020-05-19T17:01:42","slug":"fluorite-jaune-xx-4","status":"publish","type":"product","link":"https:\/\/westgem.shop\/fr\/produit\/fluorite-jaune-xx-4\/","title":{"rendered":"FLUORITE jaune xx"},"content":{"rendered":"<p>CRISTALES DE FLUORITE JAUNE en forme de cube sur matrice de DOLOMITE.<\/p>\n<p>Pr\u00e9sence dans des veines de minerai drusien.<\/p>\n<p>Bassin minier d'AOULI - BOU AZZER dans la vall\u00e9e de la rivi\u00e8re QUED MOULAUYA<\/p>\n<p>AFRIQUE DU NORD<\/p>\n<p>Poids du petit niveau : 120 g Dimensions : 5,5 x 5,5 x 3 cm<\/p>","protected":false},"excerpt":{"rendered":"<p>CRISTALES DE FLUORITE JAUNE en forme de cubes sur matrice de DOLOMITE. Pr\u00e9sence dans des veines druzes. Bassin minier d'AOULI - BOU AZZER dans la vall\u00e9e de la rivi\u00e8re QUED MOULAUYA NORD AFRIQUE Poids du petit niveau : 120 g Dimensions : 5,5 x 5,5 x 3 cm<\/p>","protected":false},"featured_media":4405,"template":"","meta":{"_acf_changed":false},"region":[],"product_brand":[],"product_cat":[15],"product_tag":[],"class_list":{"0":"post-2765","1":"product","2":"type-product","3":"status-publish","4":"has-post-thumbnail","6":"product_cat-mineralien","8":"first","9":"outofstock","10":"sold-individually","11":"product-type-simple"},"acf":[],"_links":{"self":[{"href":"https:\/\/westgem.shop\/fr\/wp-json\/wp\/v2\/product\/2765","targetHints":{"allow":["GET"]}}],"collection":[{"href":"https:\/\/westgem.shop\/fr\/wp-json\/wp\/v2\/product"}],"about":[{"href":"https:\/\/westgem.shop\/fr\/wp-json\/wp\/v2\/types\/product"}],"wp:featuredmedia":[{"embeddable":true,"href":"https:\/\/westgem.shop\/fr\/wp-json\/wp\/v2\/media\/4405"}],"wp:attachment":[{"href":"https:\/\/westgem.shop\/fr\/wp-json\/wp\/v2\/media?parent=2765"}],"wp:term":[{"taxonomy":"region","embeddable":true,"href":"https:\/\/westgem.shop\/fr\/wp-json\/wp\/v2\/region?post=2765"},{"taxonomy":"product_brand","embeddable":true,"href":"https:\/\/westgem.shop\/fr\/wp-json\/wp\/v2\/product_brand?post=2765"},{"taxonomy":"product_cat","embeddable":true,"href":"https:\/\/westgem.shop\/fr\/wp-json\/wp\/v2\/product_cat?post=2765"},{"taxonomy":"product_tag","embeddable":true,"href":"https:\/\/westgem.shop\/fr\/wp-json\/wp\/v2\/product_tag?post=2765"}],"curies":[{"name":"wp","href":"https:\/\/api.w.org\/{rel}","templated":true}]}}