{"id":2769,"date":"2001-12-31T00:00:00","date_gmt":"2001-12-31T00:00:00","guid":{"rendered":"https:\/\/miners.rocks\/product\/sugilith-aaa-5\/"},"modified":"2020-05-19T17:01:44","modified_gmt":"2020-05-19T17:01:44","slug":"sugilith-aaa-5","status":"publish","type":"product","link":"https:\/\/westgem.shop\/fr\/produit\/sugilith-aaa-5\/","title":{"rendered":"SUGILITH AA(A)"},"content":{"rendered":"<p>Tr\u00e8s beau,SUGILITH multicolore - KANTENDURCHSCHEIND<\/p>\n<p>Les parties brunes sont le min\u00e9ral tr\u00e8s RARE - FERROBUSTAMITE<\/p>\n<p>1 image avec lumi\u00e8re de fond .<\/p>\n<p>WESSELS MINE - KURUMAN MANGAN FIELD<\/p>\n<p>AFRIQUE DU SUD<\/p>\n<p>Poids : 11 g Dimensions : 2,5 x 2 x 2 cm<\/p>","protected":false},"excerpt":{"rendered":"<p>Tr\u00e8s belle,SUGILITH multi-color\u00e9e - CANARDES Les parties brunes sont le min\u00e9ral tr\u00e8s RARES - FERROBUSTAMIT 1 image avec fond de lumi\u00e8re . MINE DE WESSELS - KURUMAN MANGAN FIELD AFRIQUE DU SUD Poids : 11 g Dimensions : 2,5 x 2 x 2 cm<\/p>","protected":false},"featured_media":4416,"template":"","meta":{"_acf_changed":false},"region":[],"product_brand":[],"product_cat":[15],"product_tag":[],"class_list":{"0":"post-2769","1":"product","2":"type-product","3":"status-publish","4":"has-post-thumbnail","6":"product_cat-mineralien","8":"first","9":"outofstock","10":"sold-individually","11":"product-type-simple"},"acf":[],"_links":{"self":[{"href":"https:\/\/westgem.shop\/fr\/wp-json\/wp\/v2\/product\/2769","targetHints":{"allow":["GET"]}}],"collection":[{"href":"https:\/\/westgem.shop\/fr\/wp-json\/wp\/v2\/product"}],"about":[{"href":"https:\/\/westgem.shop\/fr\/wp-json\/wp\/v2\/types\/product"}],"wp:featuredmedia":[{"embeddable":true,"href":"https:\/\/westgem.shop\/fr\/wp-json\/wp\/v2\/media\/4416"}],"wp:attachment":[{"href":"https:\/\/westgem.shop\/fr\/wp-json\/wp\/v2\/media?parent=2769"}],"wp:term":[{"taxonomy":"region","embeddable":true,"href":"https:\/\/westgem.shop\/fr\/wp-json\/wp\/v2\/region?post=2769"},{"taxonomy":"product_brand","embeddable":true,"href":"https:\/\/westgem.shop\/fr\/wp-json\/wp\/v2\/product_brand?post=2769"},{"taxonomy":"product_cat","embeddable":true,"href":"https:\/\/westgem.shop\/fr\/wp-json\/wp\/v2\/product_cat?post=2769"},{"taxonomy":"product_tag","embeddable":true,"href":"https:\/\/westgem.shop\/fr\/wp-json\/wp\/v2\/product_tag?post=2769"}],"curies":[{"name":"wp","href":"https:\/\/api.w.org\/{rel}","templated":true}]}}