{"id":2771,"date":"2002-01-02T00:00:00","date_gmt":"2002-01-02T00:00:00","guid":{"rendered":"https:\/\/miners.rocks\/product\/antimonit-xx-in-matrix\/"},"modified":"2020-05-19T17:01:45","modified_gmt":"2020-05-19T17:01:45","slug":"antimonite-xx-en-matrice","status":"publish","type":"product","link":"https:\/\/westgem.shop\/fr\/produit\/antimonite-xx-en-matrice\/","title":{"rendered":"ANTIMONITE xx dans MATRIX"},"content":{"rendered":"<p>ANTIMONITE NIVEAU - Cristaux \u00e0 rayons radiaux - gris argent\u00e9 m\u00e9tallique<\/p>\n<p>localisation de la trouvaille : R\u00e9gion de l'Atlas - Maroc<\/p>\n<p>AFRIQUE DU NORD<\/p>\n<p>Poids : 460 g Dimensions : 10 x 8 x 5 cm.<\/p>","protected":false},"excerpt":{"rendered":"<p>NIVEAU ANTIMONITE - Cristaux \u00e0 rayons radiaux - gris argent m\u00e9tallique Lieu de d\u00e9couverte : R\u00e9gion de l'Atlas - Maroc AFRIQUE DU NORD Poids : 460 g Dimensions : 10 x 8 x 5 cm.<\/p>","protected":false},"featured_media":4421,"template":"","meta":{"_acf_changed":false},"region":[],"product_brand":[],"product_cat":[15],"product_tag":[],"class_list":{"0":"post-2771","1":"product","2":"type-product","3":"status-publish","4":"has-post-thumbnail","6":"product_cat-mineralien","8":"first","9":"outofstock","10":"sold-individually","11":"product-type-simple"},"acf":[],"_links":{"self":[{"href":"https:\/\/westgem.shop\/fr\/wp-json\/wp\/v2\/product\/2771","targetHints":{"allow":["GET"]}}],"collection":[{"href":"https:\/\/westgem.shop\/fr\/wp-json\/wp\/v2\/product"}],"about":[{"href":"https:\/\/westgem.shop\/fr\/wp-json\/wp\/v2\/types\/product"}],"wp:featuredmedia":[{"embeddable":true,"href":"https:\/\/westgem.shop\/fr\/wp-json\/wp\/v2\/media\/4421"}],"wp:attachment":[{"href":"https:\/\/westgem.shop\/fr\/wp-json\/wp\/v2\/media?parent=2771"}],"wp:term":[{"taxonomy":"region","embeddable":true,"href":"https:\/\/westgem.shop\/fr\/wp-json\/wp\/v2\/region?post=2771"},{"taxonomy":"product_brand","embeddable":true,"href":"https:\/\/westgem.shop\/fr\/wp-json\/wp\/v2\/product_brand?post=2771"},{"taxonomy":"product_cat","embeddable":true,"href":"https:\/\/westgem.shop\/fr\/wp-json\/wp\/v2\/product_cat?post=2771"},{"taxonomy":"product_tag","embeddable":true,"href":"https:\/\/westgem.shop\/fr\/wp-json\/wp\/v2\/product_tag?post=2771"}],"curies":[{"name":"wp","href":"https:\/\/api.w.org\/{rel}","templated":true}]}}