{"id":2772,"date":"2002-01-03T00:00:00","date_gmt":"2002-01-03T00:00:00","guid":{"rendered":"https:\/\/miners.rocks\/product\/cobalt-calcit-xx-2\/"},"modified":"2020-05-19T17:01:45","modified_gmt":"2020-05-19T17:01:45","slug":"cobalt-calcite-xx-2","status":"publish","type":"product","link":"https:\/\/westgem.shop\/fr\/produit\/cobalt-calcite-xx-2\/","title":{"rendered":"COBALT CALCIT xx"},"content":{"rendered":"<p>Agr\u00e9gats de COBALT CALCIT en grappes - form\u00e9s \u00e0 partir de solutions aqueuses contenant du cobalt.<\/p>\n<p>Dans DOLOMITGESTEIN - DRUSEN.<\/p>\n<p>OUMLIL MINE - BOU AZZER - ANTI ATLAS<\/p>\n<p>AFRIQUE DU NORD<\/p>\n<p>Poids : 380 g Dimensions : 9 x 6 x 5 cm<\/p>","protected":false},"excerpt":{"rendered":"<p>Agr\u00e9gats de COBALT CALCITE en grappes - form\u00e9s \u00e0 partir de solutions aqueuses contenant du cobalt. Dans les Roches de DOLOMITE - DRUSEN. MINE D'OUMLIL - BOU AZZER - ANTI ATLAS AFRIQUE DU NORD Poids : 380 g Dimensions : 9 x 6 x 5 cm<\/p>","protected":false},"featured_media":4425,"template":"","meta":{"_acf_changed":false},"region":[],"product_brand":[],"product_cat":[15],"product_tag":[],"class_list":{"0":"post-2772","1":"product","2":"type-product","3":"status-publish","4":"has-post-thumbnail","6":"product_cat-mineralien","8":"first","9":"outofstock","10":"sold-individually","11":"product-type-simple"},"acf":[],"_links":{"self":[{"href":"https:\/\/westgem.shop\/fr\/wp-json\/wp\/v2\/product\/2772","targetHints":{"allow":["GET"]}}],"collection":[{"href":"https:\/\/westgem.shop\/fr\/wp-json\/wp\/v2\/product"}],"about":[{"href":"https:\/\/westgem.shop\/fr\/wp-json\/wp\/v2\/types\/product"}],"wp:featuredmedia":[{"embeddable":true,"href":"https:\/\/westgem.shop\/fr\/wp-json\/wp\/v2\/media\/4425"}],"wp:attachment":[{"href":"https:\/\/westgem.shop\/fr\/wp-json\/wp\/v2\/media?parent=2772"}],"wp:term":[{"taxonomy":"region","embeddable":true,"href":"https:\/\/westgem.shop\/fr\/wp-json\/wp\/v2\/region?post=2772"},{"taxonomy":"product_brand","embeddable":true,"href":"https:\/\/westgem.shop\/fr\/wp-json\/wp\/v2\/product_brand?post=2772"},{"taxonomy":"product_cat","embeddable":true,"href":"https:\/\/westgem.shop\/fr\/wp-json\/wp\/v2\/product_cat?post=2772"},{"taxonomy":"product_tag","embeddable":true,"href":"https:\/\/westgem.shop\/fr\/wp-json\/wp\/v2\/product_tag?post=2772"}],"curies":[{"name":"wp","href":"https:\/\/api.w.org\/{rel}","templated":true}]}}