{"id":2773,"date":"2002-01-04T00:00:00","date_gmt":"2002-01-04T00:00:00","guid":{"rendered":"https:\/\/miners.rocks\/product\/vanadinit-xx-baryt-xx-2\/"},"modified":"2020-05-19T17:01:46","modified_gmt":"2020-05-19T17:01:46","slug":"vanadinite-xx-baryte-xx-2","status":"publish","type":"product","link":"https:\/\/westgem.shop\/fr\/produit\/vanadinite-xx-baryte-xx-2\/","title":{"rendered":"VANADINIT xx BARYT xx"},"content":{"rendered":"<p>Tr\u00e8s grande marche en VANADINITE avec de nombreux cristaux tr\u00e8s brillants.<\/p>\n<p>Les VANDINITE sont assis sur des BARYT - SCHWERSPAT xx blancs comme neige<\/p>\n<p>Les gisements de MIBLADEN sont exploit\u00e9s depuis de nombreuses ann\u00e9es, ce que l'on trouve encore sur le march\u00e9, ce sont de petites souches avec quelques petites VANADINIT xx<\/p>\n<p>Poids de cette \u00e9tape : 1,2 kilogrammes <\/p>\n<p>Dimensions : 16 x 9 x 5 cm<\/p>\n<p>SUPER PRIX DE COLLECTION !<\/p>","protected":false},"excerpt":{"rendered":"<p>Tr\u00e8s grand niveau de VANADINITE avec de nombreux cristaux tr\u00e8s brillants. Les VANDINITES sont pos\u00e9es sur du BARYT - SCHWERSPAT blanc comme neige xx Les gisements de MIBLADEN sont exploit\u00e9s depuis de nombreuses ann\u00e9es, ce que l'on trouve encore sur le march\u00e9, ce sont de petites souches avec quelques petites VANADINITES xx Poids de ce niveau : est de 1,2 kilogramme Dimensions : 16 x 9 x 5 cm [...].<\/p>","protected":false},"featured_media":4428,"template":"","meta":{"_acf_changed":false},"region":[],"product_brand":[],"product_cat":[15],"product_tag":[],"class_list":{"0":"post-2773","1":"product","2":"type-product","3":"status-publish","4":"has-post-thumbnail","6":"product_cat-mineralien","8":"first","9":"outofstock","10":"sold-individually","11":"product-type-simple"},"acf":[],"_links":{"self":[{"href":"https:\/\/westgem.shop\/fr\/wp-json\/wp\/v2\/product\/2773","targetHints":{"allow":["GET"]}}],"collection":[{"href":"https:\/\/westgem.shop\/fr\/wp-json\/wp\/v2\/product"}],"about":[{"href":"https:\/\/westgem.shop\/fr\/wp-json\/wp\/v2\/types\/product"}],"wp:featuredmedia":[{"embeddable":true,"href":"https:\/\/westgem.shop\/fr\/wp-json\/wp\/v2\/media\/4428"}],"wp:attachment":[{"href":"https:\/\/westgem.shop\/fr\/wp-json\/wp\/v2\/media?parent=2773"}],"wp:term":[{"taxonomy":"region","embeddable":true,"href":"https:\/\/westgem.shop\/fr\/wp-json\/wp\/v2\/region?post=2773"},{"taxonomy":"product_brand","embeddable":true,"href":"https:\/\/westgem.shop\/fr\/wp-json\/wp\/v2\/product_brand?post=2773"},{"taxonomy":"product_cat","embeddable":true,"href":"https:\/\/westgem.shop\/fr\/wp-json\/wp\/v2\/product_cat?post=2773"},{"taxonomy":"product_tag","embeddable":true,"href":"https:\/\/westgem.shop\/fr\/wp-json\/wp\/v2\/product_tag?post=2773"}],"curies":[{"name":"wp","href":"https:\/\/api.w.org\/{rel}","templated":true}]}}