{"id":2774,"date":"2002-01-05T00:00:00","date_gmt":"2002-01-05T00:00:00","guid":{"rendered":"https:\/\/miners.rocks\/product\/vanadinit-xx-auf-baryt-xx-4\/"},"modified":"2020-05-19T17:01:46","modified_gmt":"2020-05-19T17:01:46","slug":"vanadinite-xx-sur-baryte-xx-4","status":"publish","type":"product","link":"https:\/\/westgem.shop\/fr\/produit\/vanadinite-xx-sur-baryte-xx-4\/","title":{"rendered":"VANADINIT xx sur BARYT xx"},"content":{"rendered":"<p>Des cristaux VANADINIT rouges brillants sont pos\u00e9s sur des BARYT blancs.<\/p>\n<p>Marche classique provenant des c\u00e9l\u00e8bres sites de MIBLADE - MAROC<\/p>\n<p>Ces gisements sont exploit\u00e9s depuis des ann\u00e9es, le bon mat\u00e9riel est donc rare et, logiquement, pas tr\u00e8s bon march\u00e9.<\/p>\n<p>Voici une occasion unique pour ceux qui n'ont pas encore de VANADINIT dans leur collection.<\/p>\n<p>Marche relativement grande avec de beaux cristaux Poids : 0,7 kilogramme<\/p>\n<p>Dimensions : 11 x 8 x 6 cm <\/p>\n<p>La derni\u00e8re photo montre le dessous des marches.<\/p>","protected":false},"excerpt":{"rendered":"<p>Des cristaux de VANADINITE rouge brillants sont pos\u00e9s sur des BARYT blancs. Niveau classique provenant des c\u00e9l\u00e8bres gisements du MIBLADEN - MAROC Ces gisements sont exploit\u00e9s depuis des ann\u00e9es, le bon mat\u00e9riel est donc rare et logiquement pas tr\u00e8s bon march\u00e9. Voici une occasion unique, pour ceux qui n'ont pas encore de VANADINITE dans leur collection. Marche relativement grande avec de beaux cristaux Poids : [...].<\/p>","protected":false},"featured_media":4432,"template":"","meta":{"_acf_changed":false},"region":[],"product_brand":[],"product_cat":[15],"product_tag":[],"class_list":{"0":"post-2774","1":"product","2":"type-product","3":"status-publish","4":"has-post-thumbnail","6":"product_cat-mineralien","8":"first","9":"outofstock","10":"sold-individually","11":"product-type-simple"},"acf":[],"_links":{"self":[{"href":"https:\/\/westgem.shop\/fr\/wp-json\/wp\/v2\/product\/2774","targetHints":{"allow":["GET"]}}],"collection":[{"href":"https:\/\/westgem.shop\/fr\/wp-json\/wp\/v2\/product"}],"about":[{"href":"https:\/\/westgem.shop\/fr\/wp-json\/wp\/v2\/types\/product"}],"wp:featuredmedia":[{"embeddable":true,"href":"https:\/\/westgem.shop\/fr\/wp-json\/wp\/v2\/media\/4432"}],"wp:attachment":[{"href":"https:\/\/westgem.shop\/fr\/wp-json\/wp\/v2\/media?parent=2774"}],"wp:term":[{"taxonomy":"region","embeddable":true,"href":"https:\/\/westgem.shop\/fr\/wp-json\/wp\/v2\/region?post=2774"},{"taxonomy":"product_brand","embeddable":true,"href":"https:\/\/westgem.shop\/fr\/wp-json\/wp\/v2\/product_brand?post=2774"},{"taxonomy":"product_cat","embeddable":true,"href":"https:\/\/westgem.shop\/fr\/wp-json\/wp\/v2\/product_cat?post=2774"},{"taxonomy":"product_tag","embeddable":true,"href":"https:\/\/westgem.shop\/fr\/wp-json\/wp\/v2\/product_tag?post=2774"}],"curies":[{"name":"wp","href":"https:\/\/api.w.org\/{rel}","templated":true}]}}