{"id":2775,"date":"2002-01-06T00:00:00","date_gmt":"2002-01-06T00:00:00","guid":{"rendered":"https:\/\/miners.rocks\/product\/versteinertes-holz-raritaet\/"},"modified":"2020-05-19T17:01:47","modified_gmt":"2020-05-19T17:01:47","slug":"bois-petrifie-rare","status":"publish","type":"product","link":"https:\/\/westgem.shop\/fr\/produit\/bois-petrifie-rare\/","title":{"rendered":"BOIS P\u00c9TRIFI\u00c9 - RARET\u00c9"},"content":{"rendered":"<p>Bois p\u00e9trifi\u00e9 - Type : FOURRES D'ARBRE<\/p>\n<p>Rare \u00e0 voir - la FOURRE D'ARBRE et le PALMHOUSE font partie des RARITES.<\/p>\n<p>On voit clairement la structure interne avec les LEITBUNDELN.<\/p>\n<p>FOURRE D'ARBRE ou PIERRE D'ARBRE ou ASTEROLITE<\/p>\n<p>Lat. Nom TITEA SINGULARIS<\/p>\n<p>La derni\u00e8re image montre la nature - verso non poli<\/p>\n<p>\u00c2ge sup\u00e9rieur \u00e0 250 millions d'ann\u00e9es - tr\u00e8s BIEN CONSERV\u00c9 avec \u00e9corce compl\u00e8te<\/p>\n<p>D\u00e9coup\u00e9 et poli sur une face.<\/p>\n<p>localisation de la trouvaille : Araguaino Petrified Forrest - Nord du Br\u00e9sil<\/p>\n<p>Poids du disque-m\u00e8re : 1,2 kilogramme Dimensions : 20 x 14 x 3 cm<\/p>","protected":false},"excerpt":{"rendered":"<p>BOIS P\u00e9trifi\u00e9 - Esp\u00e8ce : FOURRES D'ARBRE Rare \u00e0 voir - Les FOURRES D'ARBRE et les PALMES comptent parmi les RARITES. On peut voir clairement la structure interne avec les ligaments. FOUGERE D'ARBRE ou PIERRE D'ARBRE ou ASTEROLITH Lat. Nom TITEA SINGULARIS La derni\u00e8re image montre la nature - dos non poli \u00c2ge sup\u00e9rieur \u00e0 250 millions d'ann\u00e9es - tr\u00e8s BIEN CONSERV\u00c9 avec [...].<\/p>","protected":false},"featured_media":4436,"template":"","meta":{"_acf_changed":false},"region":[],"product_brand":[],"product_cat":[15],"product_tag":[],"class_list":{"0":"post-2775","1":"product","2":"type-product","3":"status-publish","4":"has-post-thumbnail","6":"product_cat-mineralien","8":"first","9":"outofstock","10":"sold-individually","11":"product-type-simple"},"acf":[],"_links":{"self":[{"href":"https:\/\/westgem.shop\/fr\/wp-json\/wp\/v2\/product\/2775","targetHints":{"allow":["GET"]}}],"collection":[{"href":"https:\/\/westgem.shop\/fr\/wp-json\/wp\/v2\/product"}],"about":[{"href":"https:\/\/westgem.shop\/fr\/wp-json\/wp\/v2\/types\/product"}],"wp:featuredmedia":[{"embeddable":true,"href":"https:\/\/westgem.shop\/fr\/wp-json\/wp\/v2\/media\/4436"}],"wp:attachment":[{"href":"https:\/\/westgem.shop\/fr\/wp-json\/wp\/v2\/media?parent=2775"}],"wp:term":[{"taxonomy":"region","embeddable":true,"href":"https:\/\/westgem.shop\/fr\/wp-json\/wp\/v2\/region?post=2775"},{"taxonomy":"product_brand","embeddable":true,"href":"https:\/\/westgem.shop\/fr\/wp-json\/wp\/v2\/product_brand?post=2775"},{"taxonomy":"product_cat","embeddable":true,"href":"https:\/\/westgem.shop\/fr\/wp-json\/wp\/v2\/product_cat?post=2775"},{"taxonomy":"product_tag","embeddable":true,"href":"https:\/\/westgem.shop\/fr\/wp-json\/wp\/v2\/product_tag?post=2775"}],"curies":[{"name":"wp","href":"https:\/\/api.w.org\/{rel}","templated":true}]}}