{"id":2776,"date":"2002-01-07T00:00:00","date_gmt":"2002-01-07T00:00:00","guid":{"rendered":"https:\/\/miners.rocks\/product\/fluorit-xx-woelsendorf\/"},"modified":"2020-05-19T17:01:48","modified_gmt":"2020-05-19T17:01:48","slug":"fluorite-xx-woelsendorf-5","status":"publish","type":"product","link":"https:\/\/westgem.shop\/fr\/produit\/fluorite-xx-woelsendorf-5\/","title":{"rendered":"FLUORIT xx - W\u00d6LSENDORF"},"content":{"rendered":"<p>De l'ancien bassin minier de W\u00f6lsendorf.<\/p>\n<p>Un ancien niveau de collection de FLUORITE VERTE avec peu de VIOLET.<\/p>\n<p>Surfaces cristallines cubiques avec des \"jeunes\" cristaux de quartz minuscules \"sucr\u00e9s\".<\/p>\n<p>W\u00f6LSENDORF - OBERPFALZ - Bavi\u00e8re<\/p>\n<p>Poids : 720 g Dimensions : 12 x 10 x 4 cm<\/p>\n<p>La derni\u00e8re photo est le dessous de la marche.<\/p>","protected":false},"excerpt":{"rendered":"<p>De l'ancien bassin minier de W\u00f6lsendorf. Un ancien niveau de collection de FLUORITE VERTE avec peu de VIOLET. Face cubique avec de \"jeunes\" cristaux de quartz minuscules \"sucr\u00e9s\" W\u00f6LSENDORF - OBERPFALZ - BAYERN Poids : 720 g Dimensions : 12 x 10 x 4 cm La derni\u00e8re photo est la face inf\u00e9rieure du niveau.<\/p>","protected":false},"featured_media":4440,"template":"","meta":{"_acf_changed":false},"region":[],"product_brand":[],"product_cat":[15],"product_tag":[],"class_list":{"0":"post-2776","1":"product","2":"type-product","3":"status-publish","4":"has-post-thumbnail","6":"product_cat-mineralien","8":"first","9":"outofstock","10":"sold-individually","11":"product-type-simple"},"acf":[],"_links":{"self":[{"href":"https:\/\/westgem.shop\/fr\/wp-json\/wp\/v2\/product\/2776","targetHints":{"allow":["GET"]}}],"collection":[{"href":"https:\/\/westgem.shop\/fr\/wp-json\/wp\/v2\/product"}],"about":[{"href":"https:\/\/westgem.shop\/fr\/wp-json\/wp\/v2\/types\/product"}],"wp:featuredmedia":[{"embeddable":true,"href":"https:\/\/westgem.shop\/fr\/wp-json\/wp\/v2\/media\/4440"}],"wp:attachment":[{"href":"https:\/\/westgem.shop\/fr\/wp-json\/wp\/v2\/media?parent=2776"}],"wp:term":[{"taxonomy":"region","embeddable":true,"href":"https:\/\/westgem.shop\/fr\/wp-json\/wp\/v2\/region?post=2776"},{"taxonomy":"product_brand","embeddable":true,"href":"https:\/\/westgem.shop\/fr\/wp-json\/wp\/v2\/product_brand?post=2776"},{"taxonomy":"product_cat","embeddable":true,"href":"https:\/\/westgem.shop\/fr\/wp-json\/wp\/v2\/product_cat?post=2776"},{"taxonomy":"product_tag","embeddable":true,"href":"https:\/\/westgem.shop\/fr\/wp-json\/wp\/v2\/product_tag?post=2776"}],"curies":[{"name":"wp","href":"https:\/\/api.w.org\/{rel}","templated":true}]}}