{"id":2777,"date":"2002-01-08T00:00:00","date_gmt":"2002-01-08T00:00:00","guid":{"rendered":"https:\/\/miners.rocks\/product\/top-raritaet-muschelmarmor\/"},"modified":"2020-05-19T17:01:48","modified_gmt":"2020-05-19T17:01:48","slug":"top-rarete-marbre-coquillage","status":"publish","type":"product","link":"https:\/\/westgem.shop\/fr\/produit\/top-rarete-marbre-coquillage\/","title":{"rendered":"TOP RARET\u00c9 - MARBRE COQUILLAGE"},"content":{"rendered":"<p>MARBRE COQUILLAGE DE BLEIBERG <\/p>\n<p>En 1780, le c\u00e9l\u00e8bre min\u00e9ralogiste et naturaliste Franz Xaver von WULFEN (qui a donn\u00e9 son nom au min\u00e9ral WULFENIT et \u00e0 une fleur rare qui ne pousse que dans l'Himalaya et au Nassfeld en Carinthie, la WULFENIA)<\/p>\n<p>WULFEN d\u00e9signait alors ce MARBRE MUSCULAIRE OPALISANT comme \" HELMINTHOLITH PFAUENSWEIFIGER DE CERNETE \".<\/p>\n<p>Des objets d'art et des bijoux ont \u00e9t\u00e9 fabriqu\u00e9s \u00e0 partir de ces mat\u00e9riaux, notamment pour la cour du tsar de Russie.<\/p>\n<p>Trois ans seulement apr\u00e8s la premi\u00e8re d\u00e9couverte, le gisement \u00e9tait \u00e9puis\u00e9 et on n'a plus jamais rien trouv\u00e9 par la suite.<\/p>\n<p>Le seul site d\u00e9couvert dans le tr\u00e8s vaste bassin minier de Bleiberg (1 300 kilom\u00e8tres de galeries !) \u00e9tait l'OSWALDISTOLLEN.<\/p>\n<p>Nous avions d\u00e9j\u00e0 eu une fois une pi\u00e8ce \u00e0 vendre - un peu plus grande pour 100 \u20ac - la pi\u00e8ce \u00e9tait partie en Styrie (comme il s'est av\u00e9r\u00e9 plus tard - beaucoup trop bon march\u00e9) nous avions encore d'innombrables demandes de toute l'Europe pour ce MUSCHELMARMOR.<\/p>\n<p>Alors, pour cette pi\u00e8ce, probablement la derni\u00e8re que nous avons \u00e0 disposition, nous ne fixons qu'un prix symbolique, car en raison de sa raret\u00e9, il n'y a de toute fa\u00e7on pas de prix de comparaison, personne, vraiment personne n'a ne serait-ce qu'une petite pi\u00e8ce \u00e0 offrir. PAR MALHEUR, car transform\u00e9e en bijoux, elle atteindrait des prix similaires \u00e0 ceux des c\u00e9l\u00e8bres AMMOLITHES de la mine AURORA \u00e0 ALBERTA au CANADA.<\/p>\n<p>Poids : 54 g 'Dimensions : 5,5 x 5 x 2 cm Les 2 derni\u00e8res photos sont le verso<\/p>","protected":false},"excerpt":{"rendered":"<p>BLEIBERGER MUSCHELMARMOR En 1780, le c\u00e9l\u00e8bre min\u00e9ralogiste et naturaliste Franz Xaver von WULFEN (qui a donn\u00e9 son nom au min\u00e9ral WULFENIT et \u00e0 une fleur rare qui ne pousse que dans l'Himalaya et au Nassfeld en Carinthie, la WULFENIA) WULFEN d\u00e9signait alors ce MARBRE MUSCULAIRE OPALISANT comme \"HELMINTHOLITH DE PFAUENS DE CERNOIS\". Ce mat\u00e9riau a \u00e9t\u00e9 utilis\u00e9 pour fabriquer des objets d'art et des bijoux, [...]<\/p>","protected":false},"featured_media":4444,"template":"","meta":{"_acf_changed":false},"region":[],"product_brand":[],"product_cat":[15],"product_tag":[],"class_list":{"0":"post-2777","1":"product","2":"type-product","3":"status-publish","4":"has-post-thumbnail","6":"product_cat-mineralien","8":"first","9":"outofstock","10":"sold-individually","11":"product-type-simple"},"acf":[],"_links":{"self":[{"href":"https:\/\/westgem.shop\/fr\/wp-json\/wp\/v2\/product\/2777","targetHints":{"allow":["GET"]}}],"collection":[{"href":"https:\/\/westgem.shop\/fr\/wp-json\/wp\/v2\/product"}],"about":[{"href":"https:\/\/westgem.shop\/fr\/wp-json\/wp\/v2\/types\/product"}],"wp:featuredmedia":[{"embeddable":true,"href":"https:\/\/westgem.shop\/fr\/wp-json\/wp\/v2\/media\/4444"}],"wp:attachment":[{"href":"https:\/\/westgem.shop\/fr\/wp-json\/wp\/v2\/media?parent=2777"}],"wp:term":[{"taxonomy":"region","embeddable":true,"href":"https:\/\/westgem.shop\/fr\/wp-json\/wp\/v2\/region?post=2777"},{"taxonomy":"product_brand","embeddable":true,"href":"https:\/\/westgem.shop\/fr\/wp-json\/wp\/v2\/product_brand?post=2777"},{"taxonomy":"product_cat","embeddable":true,"href":"https:\/\/westgem.shop\/fr\/wp-json\/wp\/v2\/product_cat?post=2777"},{"taxonomy":"product_tag","embeddable":true,"href":"https:\/\/westgem.shop\/fr\/wp-json\/wp\/v2\/product_tag?post=2777"}],"curies":[{"name":"wp","href":"https:\/\/api.w.org\/{rel}","templated":true}]}}