{"id":2778,"date":"2002-01-09T00:00:00","date_gmt":"2002-01-09T00:00:00","guid":{"rendered":"https:\/\/miners.rocks\/product\/siderit-xx-pyrit-xx-huettenberg\/"},"modified":"2020-05-19T17:01:49","modified_gmt":"2020-05-19T17:01:49","slug":"siderite-xx-pyrite-xx-huettenberg","status":"publish","type":"product","link":"https:\/\/westgem.shop\/fr\/produit\/siderite-xx-pyrite-xx-huettenberg\/","title":{"rendered":"SIDERIT xx PYRIT xx - H\u00dcTTENBERG"},"content":{"rendered":"<p>Grands cristaux de SIDERITE brun-rouge\u00e2tre avec cristaux de PYRITE dor\u00e9s brillants (pentagondod\u00e9ca\u00e8dre)<\/p>\n<p>La SIDERITE ou SPATE DE FER est un minerai de fer qui \u00e9tait d\u00e9j\u00e0 exploit\u00e9 sur ce gisement en 300 avant J.-C. par le royaume nordique et plus tard par les Romains. L'exploitation mini\u00e8re a ensuite \u00e9t\u00e9 d\u00e9finitivement ferm\u00e9e en 1978.<\/p>\n<p>H\u00fcttenberg - Carinthie<\/p>\n<p>Poids de la marche : 160 g Dimensions : 7,5 x 5 x 4 cm<\/p>","protected":false},"excerpt":{"rendered":"<p>Grands cristaux de SIDERITE brun rouge\u00e2tre avec des cristaux de PYRITE dor\u00e9s (dod\u00e9ca\u00e8dre pentagonal) La SIDERITE ou SPATE DE FER est un minerai de fer qui \u00e9tait d\u00e9j\u00e0 exploit\u00e9 sur ce gisement en 300 avant J.-C. par le royaume nordique et plus tard par les Romains. L'exploitation mini\u00e8re a ensuite \u00e9t\u00e9 d\u00e9finitivement ferm\u00e9e en 1978. H\u00fcttenberg - Carinthie Poids du niveau : 160 g Dimensions : 7,5 x 5 [...]<\/p>","protected":false},"featured_media":4449,"template":"","meta":{"_acf_changed":false},"region":[],"product_brand":[],"product_cat":[15],"product_tag":[],"class_list":{"0":"post-2778","1":"product","2":"type-product","3":"status-publish","4":"has-post-thumbnail","6":"product_cat-mineralien","8":"first","9":"outofstock","10":"sold-individually","11":"product-type-simple"},"acf":[],"_links":{"self":[{"href":"https:\/\/westgem.shop\/fr\/wp-json\/wp\/v2\/product\/2778","targetHints":{"allow":["GET"]}}],"collection":[{"href":"https:\/\/westgem.shop\/fr\/wp-json\/wp\/v2\/product"}],"about":[{"href":"https:\/\/westgem.shop\/fr\/wp-json\/wp\/v2\/types\/product"}],"wp:featuredmedia":[{"embeddable":true,"href":"https:\/\/westgem.shop\/fr\/wp-json\/wp\/v2\/media\/4449"}],"wp:attachment":[{"href":"https:\/\/westgem.shop\/fr\/wp-json\/wp\/v2\/media?parent=2778"}],"wp:term":[{"taxonomy":"region","embeddable":true,"href":"https:\/\/westgem.shop\/fr\/wp-json\/wp\/v2\/region?post=2778"},{"taxonomy":"product_brand","embeddable":true,"href":"https:\/\/westgem.shop\/fr\/wp-json\/wp\/v2\/product_brand?post=2778"},{"taxonomy":"product_cat","embeddable":true,"href":"https:\/\/westgem.shop\/fr\/wp-json\/wp\/v2\/product_cat?post=2778"},{"taxonomy":"product_tag","embeddable":true,"href":"https:\/\/westgem.shop\/fr\/wp-json\/wp\/v2\/product_tag?post=2778"}],"curies":[{"name":"wp","href":"https:\/\/api.w.org\/{rel}","templated":true}]}}