{"id":2779,"date":"2002-01-10T00:00:00","date_gmt":"2002-01-10T00:00:00","guid":{"rendered":"https:\/\/miners.rocks\/product\/radentheinit-laufenberg\/"},"modified":"2020-05-19T17:01:50","modified_gmt":"2020-05-19T17:01:50","slug":"radentheinit-laufenberg","status":"publish","type":"product","link":"https:\/\/westgem.shop\/fr\/produit\/radentheinit-laufenberg\/","title":{"rendered":"RADENTHEINITE - LAUFENBERG"},"content":{"rendered":"<p>La RADENTHEINITE est un m\u00e9lange min\u00e9ral de GRANATE rouge-brun - DISTHENES blanch\u00e2tres \u00e0 bleut\u00e9s et de mica BIOTITE brun-noir.<\/p>\n<p>TYPLOKALIT\u00c4T est RADENTHEIN en Carinthie - les bonnes pi\u00e8ces provenaient de l'exploitation souterraine de GRANAT au LAUFENBERG. Ferm\u00e9 depuis longtemps !<\/p>\n<p>Poids : 360 g Dimensions : 10 cx 6 x 6 cm<\/p>","protected":false},"excerpt":{"rendered":"<p>La RADENTHEINIT est un m\u00e9lange min\u00e9ral de GRANAT rouge-brun, de DISTHENES blanch\u00e2tres \u00e0 bleut\u00e9s et de mica BIOTIT brun-noir. La TYPLOCALIT\u00c9 est RADENTHEIN en Carinthie - les bonnes pi\u00e8ces provenaient de l'exploitation souterraine de GRANAT au LAUFENBERG. Ferm\u00e9e depuis longtemps ! Poids : 360 g Dimensions : 10 cx 6 x 6 cm<\/p>","protected":false},"featured_media":4455,"template":"","meta":{"_acf_changed":false},"region":[],"product_brand":[],"product_cat":[15],"product_tag":[],"class_list":{"0":"post-2779","1":"product","2":"type-product","3":"status-publish","4":"has-post-thumbnail","6":"product_cat-mineralien","8":"first","9":"outofstock","10":"sold-individually","11":"product-type-simple"},"acf":[],"_links":{"self":[{"href":"https:\/\/westgem.shop\/fr\/wp-json\/wp\/v2\/product\/2779","targetHints":{"allow":["GET"]}}],"collection":[{"href":"https:\/\/westgem.shop\/fr\/wp-json\/wp\/v2\/product"}],"about":[{"href":"https:\/\/westgem.shop\/fr\/wp-json\/wp\/v2\/types\/product"}],"wp:featuredmedia":[{"embeddable":true,"href":"https:\/\/westgem.shop\/fr\/wp-json\/wp\/v2\/media\/4455"}],"wp:attachment":[{"href":"https:\/\/westgem.shop\/fr\/wp-json\/wp\/v2\/media?parent=2779"}],"wp:term":[{"taxonomy":"region","embeddable":true,"href":"https:\/\/westgem.shop\/fr\/wp-json\/wp\/v2\/region?post=2779"},{"taxonomy":"product_brand","embeddable":true,"href":"https:\/\/westgem.shop\/fr\/wp-json\/wp\/v2\/product_brand?post=2779"},{"taxonomy":"product_cat","embeddable":true,"href":"https:\/\/westgem.shop\/fr\/wp-json\/wp\/v2\/product_cat?post=2779"},{"taxonomy":"product_tag","embeddable":true,"href":"https:\/\/westgem.shop\/fr\/wp-json\/wp\/v2\/product_tag?post=2779"}],"curies":[{"name":"wp","href":"https:\/\/api.w.org\/{rel}","templated":true}]}}