{"id":2780,"date":"2002-01-11T00:00:00","date_gmt":"2002-01-11T00:00:00","guid":{"rendered":"https:\/\/miners.rocks\/product\/muscovit-xx-saualpe\/"},"modified":"2020-05-19T17:01:51","modified_gmt":"2020-05-19T17:01:51","slug":"muscovit-xx-saualpe","status":"publish","type":"product","link":"https:\/\/westgem.shop\/fr\/produit\/muscovit-xx-saualpe\/","title":{"rendered":"MUSCOVIT xx - SAUALPE"},"content":{"rendered":"<p>Cristaux de MUSCOVIT - ALUMINIUM GLIMMER \u00e0 feuilles minces .<\/p>\n<p>La MUSKOVIT se cristallise dans le syst\u00e8me cristallin HEXAGONAL. Les cristaux avec des faces terminales compl\u00e8tes sont tr\u00e8s rares en raison de la structure en feuillets minces.<\/p>\n<p>Cette pi\u00e8ce poss\u00e8de des faces terminales qui ont pouss\u00e9 sur au moins un c\u00f4t\u00e9.<\/p>\n<p>Figure 4 Vue arri\u00e8re avec une inscription originale tr\u00e8s ancienne et difficilement lisible.<\/p>\n<p>De l'ancienne exploitation mini\u00e8re de mica \u00e0 St. Leonhard sur la SAUALPE.<\/p>\n<p>Poids : 40 g Dimensions : 5,5 x 5,5 x 3 cm<\/p>","protected":false},"excerpt":{"rendered":"<p>Cristaux de MUSCOVIT - ALUMINIUM GLIMMER \u00e0 feuilles minces . La MUSCOVITE se cristallise dans le syst\u00e8me cristallin HEXAGONAL. Les cristaux avec des faces terminales compl\u00e8tes sont tr\u00e8s rares en raison de la structure en feuillets minces. Cette pi\u00e8ce poss\u00e8de des faces terminales d\u00e9velopp\u00e9es sur au moins un c\u00f4t\u00e9. Photo 4 Vue arri\u00e8re avec une inscription originale tr\u00e8s ancienne et difficilement lisible. De l'ancienne mine de mica de St. Leonhard sur la SAUALPE. Poids : 40 g [...]<\/p>","protected":false},"featured_media":4459,"template":"","meta":{"_acf_changed":false},"region":[],"product_brand":[],"product_cat":[15],"product_tag":[],"class_list":{"0":"post-2780","1":"product","2":"type-product","3":"status-publish","4":"has-post-thumbnail","6":"product_cat-mineralien","8":"first","9":"outofstock","10":"sold-individually","11":"product-type-simple"},"acf":[],"_links":{"self":[{"href":"https:\/\/westgem.shop\/fr\/wp-json\/wp\/v2\/product\/2780","targetHints":{"allow":["GET"]}}],"collection":[{"href":"https:\/\/westgem.shop\/fr\/wp-json\/wp\/v2\/product"}],"about":[{"href":"https:\/\/westgem.shop\/fr\/wp-json\/wp\/v2\/types\/product"}],"wp:featuredmedia":[{"embeddable":true,"href":"https:\/\/westgem.shop\/fr\/wp-json\/wp\/v2\/media\/4459"}],"wp:attachment":[{"href":"https:\/\/westgem.shop\/fr\/wp-json\/wp\/v2\/media?parent=2780"}],"wp:term":[{"taxonomy":"region","embeddable":true,"href":"https:\/\/westgem.shop\/fr\/wp-json\/wp\/v2\/region?post=2780"},{"taxonomy":"product_brand","embeddable":true,"href":"https:\/\/westgem.shop\/fr\/wp-json\/wp\/v2\/product_brand?post=2780"},{"taxonomy":"product_cat","embeddable":true,"href":"https:\/\/westgem.shop\/fr\/wp-json\/wp\/v2\/product_cat?post=2780"},{"taxonomy":"product_tag","embeddable":true,"href":"https:\/\/westgem.shop\/fr\/wp-json\/wp\/v2\/product_tag?post=2780"}],"curies":[{"name":"wp","href":"https:\/\/api.w.org\/{rel}","templated":true}]}}