{"id":2781,"date":"2002-01-12T00:00:00","date_gmt":"2002-01-12T00:00:00","guid":{"rendered":"https:\/\/miners.rocks\/product\/blaue-disthene-in-eklogit\/"},"modified":"2020-05-19T17:01:51","modified_gmt":"2020-05-19T17:01:51","slug":"disthene-bleu-en-eclogite","status":"publish","type":"product","link":"https:\/\/westgem.shop\/fr\/produit\/disthene-bleu-en-eclogite\/","title":{"rendered":"DISTHENE bleue en EKLOGIT"},"content":{"rendered":"<p>CRISTALES de DISTH\u00c8NE - CYANITE bleues dans le fameux EKLOGIT de la SAUALPE.<\/p>\n<p>Site au-dessus de la STEINERH\u00fcTTE - SAUALPE<\/p>\n<p>Poids : 160 g Dimensions : 7 x 4,5 x 3,5 cm<\/p>","protected":false},"excerpt":{"rendered":"<p>CRISTALLE bleu en DISTHENE - CYANITE dans la c\u00e9l\u00e8bre EKLOGITE de la SAUALPE. Site de d\u00e9couverte au-dessus de la STEINERH\u00fcTTE - SAUALPE Poids : 160 g Dimensions : 7 x 4,5 x 3,5 cm<\/p>","protected":false},"featured_media":4463,"template":"","meta":{"_acf_changed":false},"region":[],"product_brand":[],"product_cat":[15],"product_tag":[],"class_list":{"0":"post-2781","1":"product","2":"type-product","3":"status-publish","4":"has-post-thumbnail","6":"product_cat-mineralien","8":"first","9":"outofstock","10":"sold-individually","11":"product-type-simple"},"acf":[],"_links":{"self":[{"href":"https:\/\/westgem.shop\/fr\/wp-json\/wp\/v2\/product\/2781","targetHints":{"allow":["GET"]}}],"collection":[{"href":"https:\/\/westgem.shop\/fr\/wp-json\/wp\/v2\/product"}],"about":[{"href":"https:\/\/westgem.shop\/fr\/wp-json\/wp\/v2\/types\/product"}],"wp:featuredmedia":[{"embeddable":true,"href":"https:\/\/westgem.shop\/fr\/wp-json\/wp\/v2\/media\/4463"}],"wp:attachment":[{"href":"https:\/\/westgem.shop\/fr\/wp-json\/wp\/v2\/media?parent=2781"}],"wp:term":[{"taxonomy":"region","embeddable":true,"href":"https:\/\/westgem.shop\/fr\/wp-json\/wp\/v2\/region?post=2781"},{"taxonomy":"product_brand","embeddable":true,"href":"https:\/\/westgem.shop\/fr\/wp-json\/wp\/v2\/product_brand?post=2781"},{"taxonomy":"product_cat","embeddable":true,"href":"https:\/\/westgem.shop\/fr\/wp-json\/wp\/v2\/product_cat?post=2781"},{"taxonomy":"product_tag","embeddable":true,"href":"https:\/\/westgem.shop\/fr\/wp-json\/wp\/v2\/product_tag?post=2781"}],"curies":[{"name":"wp","href":"https:\/\/api.w.org\/{rel}","templated":true}]}}