{"id":2783,"date":"2002-01-14T00:00:00","date_gmt":"2002-01-14T00:00:00","guid":{"rendered":"https:\/\/miners.rocks\/product\/calcit-sinter-ulrichsberg\/"},"modified":"2020-05-19T17:01:52","modified_gmt":"2020-05-19T17:01:52","slug":"calcite-frittee-ulrichsberg","status":"publish","type":"product","link":"https:\/\/westgem.shop\/fr\/produit\/calcite-frittee-ulrichsberg\/","title":{"rendered":"CALCITE FRITT\u00c9E - ULRICHSBERG"},"content":{"rendered":"<p>CALCITIQUE Remplissage de fissures qui \u00e9taient autrefois exploit\u00e9es comme pierre ornementale en dessous du plateau sommital.<\/p>\n<p>CALCITE SINTER \u00e0 bandes rouges et brunes - taill\u00e9e et polie sur une face.<\/p>\n<p>ULRICHSBERG - Carinthie Centrale - Au nord de KLAGENFURT<\/p>\n<p>Poids : 520 g Dimensions : 8 x 6,5 x 6 cm<\/p>","protected":false},"excerpt":{"rendered":"<p>CALCITIQUE Remplissage de fissures qui \u00e9taient autrefois exploit\u00e9es comme pierre ornementale sous le plateau du sommet. CALCITE SINTER \u00e0 bandes rouges et brunes - taill\u00e9e et polie sur une face. ULRICHSBERG - CARENE CENTRALE - Au nord de KLAGENFURT Poids : 520 g Dimensions : 8 x 6,5 x 6 cm<\/p>","protected":false},"featured_media":4469,"template":"","meta":{"_acf_changed":false},"region":[],"product_brand":[],"product_cat":[15],"product_tag":[],"class_list":{"0":"post-2783","1":"product","2":"type-product","3":"status-publish","4":"has-post-thumbnail","6":"product_cat-mineralien","8":"first","9":"outofstock","10":"sold-individually","11":"product-type-simple"},"acf":[],"_links":{"self":[{"href":"https:\/\/westgem.shop\/fr\/wp-json\/wp\/v2\/product\/2783","targetHints":{"allow":["GET"]}}],"collection":[{"href":"https:\/\/westgem.shop\/fr\/wp-json\/wp\/v2\/product"}],"about":[{"href":"https:\/\/westgem.shop\/fr\/wp-json\/wp\/v2\/types\/product"}],"wp:featuredmedia":[{"embeddable":true,"href":"https:\/\/westgem.shop\/fr\/wp-json\/wp\/v2\/media\/4469"}],"wp:attachment":[{"href":"https:\/\/westgem.shop\/fr\/wp-json\/wp\/v2\/media?parent=2783"}],"wp:term":[{"taxonomy":"region","embeddable":true,"href":"https:\/\/westgem.shop\/fr\/wp-json\/wp\/v2\/region?post=2783"},{"taxonomy":"product_brand","embeddable":true,"href":"https:\/\/westgem.shop\/fr\/wp-json\/wp\/v2\/product_brand?post=2783"},{"taxonomy":"product_cat","embeddable":true,"href":"https:\/\/westgem.shop\/fr\/wp-json\/wp\/v2\/product_cat?post=2783"},{"taxonomy":"product_tag","embeddable":true,"href":"https:\/\/westgem.shop\/fr\/wp-json\/wp\/v2\/product_tag?post=2783"}],"curies":[{"name":"wp","href":"https:\/\/api.w.org\/{rel}","templated":true}]}}