{"id":2784,"date":"2002-01-15T00:00:00","date_gmt":"2002-01-15T00:00:00","guid":{"rendered":"https:\/\/miners.rocks\/product\/karinthin-saualpe-2-stueck\/"},"modified":"2020-05-19T17:01:53","modified_gmt":"2020-05-19T17:01:53","slug":"carinthine-alpine-2-pieces","status":"publish","type":"product","link":"https:\/\/westgem.shop\/fr\/produit\/carinthine-alpine-2-pieces\/","title":{"rendered":"CARINTHINE - SAUALPE - 2 PI\u00c8CES"},"content":{"rendered":"<p>La CARINTHINE est une HORNBLENDE qui a \u00e9t\u00e9 trouv\u00e9e pour la premi\u00e8re fois sur la SAUALPE en Carinthie et qui, \u00e0 l'\u00e9poque, a \u00e9t\u00e9 appel\u00e9e SAUALPITE, tout comme le min\u00e9ral ZOISITE (voici \u00e9galement la TYPLOCALITE).<\/p>\n<p>CORNE D'EKLOGIT noir corbeau \u00e0 vert noir.<\/p>\n<p>Dans le set, ici, les DEUX vari\u00e9t\u00e9s sont offertes.<\/p>\n<p>Poids(2 pi\u00e8ces) 420 g Dimensions 8 x 6 et 6 x 6 cm<\/p>","protected":false},"excerpt":{"rendered":"<p>La CARINTHINE est une HORNBLENDE qui a \u00e9t\u00e9 trouv\u00e9e pour la premi\u00e8re fois sur le SAUALPE en Carinthie et qui a \u00e9t\u00e9 appel\u00e9e \u00e0 l'\u00e9poque SAUALPITE, tout comme le min\u00e9ral ZOISITE (ici aussi la TYPLOCALIT\u00c9). EKLOGIT HORNBLENDE noir corbeau \u00e0 noir vert. Le set comprend les deux vari\u00e9t\u00e9s. Poids (2 pi\u00e8ces) 420 g Dimensions 8 x 6 et 6 x 6 cm<\/p>","protected":false},"featured_media":4472,"template":"","meta":{"_acf_changed":false},"region":[],"product_brand":[],"product_cat":[15],"product_tag":[],"class_list":{"0":"post-2784","1":"product","2":"type-product","3":"status-publish","4":"has-post-thumbnail","6":"product_cat-mineralien","8":"first","9":"outofstock","10":"sold-individually","11":"product-type-simple"},"acf":[],"_links":{"self":[{"href":"https:\/\/westgem.shop\/fr\/wp-json\/wp\/v2\/product\/2784","targetHints":{"allow":["GET"]}}],"collection":[{"href":"https:\/\/westgem.shop\/fr\/wp-json\/wp\/v2\/product"}],"about":[{"href":"https:\/\/westgem.shop\/fr\/wp-json\/wp\/v2\/types\/product"}],"wp:featuredmedia":[{"embeddable":true,"href":"https:\/\/westgem.shop\/fr\/wp-json\/wp\/v2\/media\/4472"}],"wp:attachment":[{"href":"https:\/\/westgem.shop\/fr\/wp-json\/wp\/v2\/media?parent=2784"}],"wp:term":[{"taxonomy":"region","embeddable":true,"href":"https:\/\/westgem.shop\/fr\/wp-json\/wp\/v2\/region?post=2784"},{"taxonomy":"product_brand","embeddable":true,"href":"https:\/\/westgem.shop\/fr\/wp-json\/wp\/v2\/product_brand?post=2784"},{"taxonomy":"product_cat","embeddable":true,"href":"https:\/\/westgem.shop\/fr\/wp-json\/wp\/v2\/product_cat?post=2784"},{"taxonomy":"product_tag","embeddable":true,"href":"https:\/\/westgem.shop\/fr\/wp-json\/wp\/v2\/product_tag?post=2784"}],"curies":[{"name":"wp","href":"https:\/\/api.w.org\/{rel}","templated":true}]}}