{"id":2788,"date":"2002-01-19T00:00:00","date_gmt":"2002-01-19T00:00:00","guid":{"rendered":"https:\/\/miners.rocks\/product\/fluorit-woelsendorf\/"},"modified":"2020-05-19T17:01:55","modified_gmt":"2020-05-19T17:01:55","slug":"fluorite-woelsendorf","status":"publish","type":"product","link":"https:\/\/westgem.shop\/fr\/produit\/fluorite-woelsendorf\/","title":{"rendered":"FLUORITE - W\u00d6LSENDORF"},"content":{"rendered":"<p>Les FLUORITES W\u00f6LSENDORFER sont connues dans le monde entier.<\/p>\n<p>De l'ancienne plus grande exploitation de FLUSSPAT en BAVARIE.<\/p>\n<p>GANGETTE DE FLUORITE \u00e0 structure zonaire - \u00e9corce ext\u00e9rieure \"sur-sucr\u00e9e\" de petits quartz<\/p>\n<p>Poids : 610 g Dimensions : 11 x 10 x 4 cm<\/p>","protected":false},"excerpt":{"rendered":"<p>La FLUORITE DE W\u00d6LSENDORFER est connue dans le monde entier. Provient de l'ancienne plus grande exploitation de FLUSSPAT en Bavi\u00e8re. PANG\u00c9E DE FLUORITE \u00e0 structure zonaire - \u00e9corce ext\u00e9rieure \"sur-sucr\u00e9e\" de petits quartz Poids : 610 g Dimensions : 11 x 10 x 4 cm<\/p>","protected":false},"featured_media":4486,"template":"","meta":{"_acf_changed":false},"region":[],"product_brand":[],"product_cat":[15],"product_tag":[],"class_list":{"0":"post-2788","1":"product","2":"type-product","3":"status-publish","4":"has-post-thumbnail","6":"product_cat-mineralien","8":"first","9":"outofstock","10":"sold-individually","11":"product-type-simple"},"acf":[],"_links":{"self":[{"href":"https:\/\/westgem.shop\/fr\/wp-json\/wp\/v2\/product\/2788","targetHints":{"allow":["GET"]}}],"collection":[{"href":"https:\/\/westgem.shop\/fr\/wp-json\/wp\/v2\/product"}],"about":[{"href":"https:\/\/westgem.shop\/fr\/wp-json\/wp\/v2\/types\/product"}],"wp:featuredmedia":[{"embeddable":true,"href":"https:\/\/westgem.shop\/fr\/wp-json\/wp\/v2\/media\/4486"}],"wp:attachment":[{"href":"https:\/\/westgem.shop\/fr\/wp-json\/wp\/v2\/media?parent=2788"}],"wp:term":[{"taxonomy":"region","embeddable":true,"href":"https:\/\/westgem.shop\/fr\/wp-json\/wp\/v2\/region?post=2788"},{"taxonomy":"product_brand","embeddable":true,"href":"https:\/\/westgem.shop\/fr\/wp-json\/wp\/v2\/product_brand?post=2788"},{"taxonomy":"product_cat","embeddable":true,"href":"https:\/\/westgem.shop\/fr\/wp-json\/wp\/v2\/product_cat?post=2788"},{"taxonomy":"product_tag","embeddable":true,"href":"https:\/\/westgem.shop\/fr\/wp-json\/wp\/v2\/product_tag?post=2788"}],"curies":[{"name":"wp","href":"https:\/\/api.w.org\/{rel}","templated":true}]}}