{"id":2791,"date":"2002-01-22T00:00:00","date_gmt":"2002-01-22T00:00:00","guid":{"rendered":"https:\/\/miners.rocks\/product\/amethyst-aaa-sambia\/"},"modified":"2020-05-19T17:01:57","modified_gmt":"2020-05-19T17:01:57","slug":"amethyste-aaa-zambie","status":"publish","type":"product","link":"https:\/\/westgem.shop\/fr\/produit\/amethyste-aaa-zambie\/","title":{"rendered":"AMETHYST AAA - ZAMBIE"},"content":{"rendered":"<p>Sur demande sp\u00e9ciale du client !<\/p>\n<p>3 AMETHYSTE africain de premi\u00e8re qualit\u00e9 AAA<\/p>\n<p>Transparent,brillant - COULEUR NATURELLE !<\/p>\n<p>MINE DE CRISTAL DE KALOMO - ZAMBIE - AFRIQUE<\/p>\n<p>3 pierres, poids total 25 g. Diam\u00e8tre jusqu'\u00e0 2,5 cm<\/p>\n<p>Ces qualit\u00e9s co\u00fbtent actuellement \u20ac 2,50 par gramme. <\/p>\n<p>PRIX EN LIGNE !<\/p>","protected":false},"excerpt":{"rendered":"<p>Sur demande sp\u00e9ciale du client ! 3 AMETHYSTES africains de premi\u00e8re qualit\u00e9 AAA Transparent, brillant - COULEUR NATURELLE ! KALOMO CRYSTAL MINE - SAMBIA - AFRIKA 3 pierres, poids total 25 g. Diam\u00e8tre jusqu'\u00e0 2,5 cm Ces qualit\u00e9s co\u00fbtent actuellement \u20ac 2,50 par gramme EN LIGNE PRIX SUPERIEUR !<\/p>","protected":false},"featured_media":4496,"template":"","meta":{"_acf_changed":false},"region":[],"product_brand":[],"product_cat":[15],"product_tag":[],"class_list":{"0":"post-2791","1":"product","2":"type-product","3":"status-publish","4":"has-post-thumbnail","6":"product_cat-mineralien","8":"first","9":"outofstock","10":"sold-individually","11":"product-type-simple"},"acf":[],"_links":{"self":[{"href":"https:\/\/westgem.shop\/fr\/wp-json\/wp\/v2\/product\/2791","targetHints":{"allow":["GET"]}}],"collection":[{"href":"https:\/\/westgem.shop\/fr\/wp-json\/wp\/v2\/product"}],"about":[{"href":"https:\/\/westgem.shop\/fr\/wp-json\/wp\/v2\/types\/product"}],"wp:featuredmedia":[{"embeddable":true,"href":"https:\/\/westgem.shop\/fr\/wp-json\/wp\/v2\/media\/4496"}],"wp:attachment":[{"href":"https:\/\/westgem.shop\/fr\/wp-json\/wp\/v2\/media?parent=2791"}],"wp:term":[{"taxonomy":"region","embeddable":true,"href":"https:\/\/westgem.shop\/fr\/wp-json\/wp\/v2\/region?post=2791"},{"taxonomy":"product_brand","embeddable":true,"href":"https:\/\/westgem.shop\/fr\/wp-json\/wp\/v2\/product_brand?post=2791"},{"taxonomy":"product_cat","embeddable":true,"href":"https:\/\/westgem.shop\/fr\/wp-json\/wp\/v2\/product_cat?post=2791"},{"taxonomy":"product_tag","embeddable":true,"href":"https:\/\/westgem.shop\/fr\/wp-json\/wp\/v2\/product_tag?post=2791"}],"curies":[{"name":"wp","href":"https:\/\/api.w.org\/{rel}","templated":true}]}}