{"id":2793,"date":"2002-01-24T00:00:00","date_gmt":"2002-01-24T00:00:00","guid":{"rendered":"https:\/\/miners.rocks\/product\/haematit-roter-glaskopf\/"},"modified":"2020-05-19T17:01:58","modified_gmt":"2020-05-19T17:01:58","slug":"haematite-tete-de-verre-rouge","status":"publish","type":"product","link":"https:\/\/westgem.shop\/fr\/produit\/haematite-tete-de-verre-rouge\/","title":{"rendered":"H\u00c4MATIT - T\u00eate de verre rouge"},"content":{"rendered":"<p>La v\u00e9ritable \"PIERRE DE SANG\" est l'h\u00e9matite Fs2O3 (NON MAGN\u00c9TIQUE !)<\/p>\n<p>Dans le domaine de la bijouterie et des pierres de tambour en \"pierre de sang\", on propose \u00e0 pr\u00e8s de 100 % soit un fer fritt\u00e9, soit une roche de magn\u00e9tite. On peut <u>le v\u00e9rifier tout simplement avec un aimant. L'h\u00e9matite v\u00e9ritable n'est PAS MAGN\u00c9TIQUE !   De plus, l'h\u00e9matite est tr\u00e8s difficile \u00e0 poncer !<\/u><\/p>\n<p>Ici dans l'offre : H\u00e9matite - T\u00caTE DE VERRE ROUGE<\/p>\n<p>Agr\u00e9gats en grappes provenant des zones d'oxydation des gisements de minerai de fer.<\/p>\n<p>localisation de la trouvaille : mine de tubercules de Bad Lauterberg en HARZ<\/p>\n<p>ALLEMAGNE L'image 3 est la face inf\u00e9rieure<\/p>\n<p>Poids : 270 g Dimensions : 9 x 6 x 1 cm<\/p>","protected":false},"excerpt":{"rendered":"<p>La v\u00e9ritable \"pierre de sang\" est l'h\u00e9matite Fs2O3 (NON MAGN\u00c9TIQUE !) Dans le domaine de la bijouterie et des pierres de tambour en \"pierre de sang\", pr\u00e8s de 100 % sont propos\u00e9s soit avec du fer fritt\u00e9 soit avec une roche de magn\u00e9tite. On peut facilement le v\u00e9rifier avec un aimant. La VRAIE h\u00e9matite n'est PAS MAGN\u00c9TIQUE ! De plus, l'h\u00e9matite est tr\u00e8s difficile \u00e0 tailler ! Ici, dans l'offre : H\u00e9matite [...]<\/p>","protected":false},"featured_media":4502,"template":"","meta":{"_acf_changed":false},"region":[],"product_brand":[],"product_cat":[15],"product_tag":[],"class_list":{"0":"post-2793","1":"product","2":"type-product","3":"status-publish","4":"has-post-thumbnail","6":"product_cat-mineralien","8":"first","9":"outofstock","10":"sold-individually","11":"product-type-simple"},"acf":[],"_links":{"self":[{"href":"https:\/\/westgem.shop\/fr\/wp-json\/wp\/v2\/product\/2793","targetHints":{"allow":["GET"]}}],"collection":[{"href":"https:\/\/westgem.shop\/fr\/wp-json\/wp\/v2\/product"}],"about":[{"href":"https:\/\/westgem.shop\/fr\/wp-json\/wp\/v2\/types\/product"}],"wp:featuredmedia":[{"embeddable":true,"href":"https:\/\/westgem.shop\/fr\/wp-json\/wp\/v2\/media\/4502"}],"wp:attachment":[{"href":"https:\/\/westgem.shop\/fr\/wp-json\/wp\/v2\/media?parent=2793"}],"wp:term":[{"taxonomy":"region","embeddable":true,"href":"https:\/\/westgem.shop\/fr\/wp-json\/wp\/v2\/region?post=2793"},{"taxonomy":"product_brand","embeddable":true,"href":"https:\/\/westgem.shop\/fr\/wp-json\/wp\/v2\/product_brand?post=2793"},{"taxonomy":"product_cat","embeddable":true,"href":"https:\/\/westgem.shop\/fr\/wp-json\/wp\/v2\/product_cat?post=2793"},{"taxonomy":"product_tag","embeddable":true,"href":"https:\/\/westgem.shop\/fr\/wp-json\/wp\/v2\/product_tag?post=2793"}],"curies":[{"name":"wp","href":"https:\/\/api.w.org\/{rel}","templated":true}]}}