{"id":2794,"date":"2002-01-25T00:00:00","date_gmt":"2002-01-25T00:00:00","guid":{"rendered":"https:\/\/miners.rocks\/product\/roter-glaskopf-haematit-2\/"},"modified":"2020-05-19T17:01:58","modified_gmt":"2020-05-19T17:01:58","slug":"tete-de-verre-rouge-hematite-2","status":"publish","type":"product","link":"https:\/\/westgem.shop\/fr\/produit\/tete-de-verre-rouge-hematite-2\/","title":{"rendered":"T\u00caTE DE VERRE ROUGE - H\u00c9MATITE"},"content":{"rendered":"<p>H\u00e9matite rouge-noir en grappe AGGREGATE<\/p>\n<p>Knollengrube Bad Lauterberg - HARZ - ALLEMAGNE<\/p>\n<p>Poids : 320 g Dimensions : 8 x 5 x x5 cm<\/p>","protected":false},"excerpt":{"rendered":"<p>H\u00e9matite rouge et noire en grappe AGGREGATE Knollengrube Bad Lauterberg - HARZ - ALLEMAGNE Poids : 320 g Dimensions : 8 x 5 x5 cm<\/p>","protected":false},"featured_media":4505,"template":"","meta":{"_acf_changed":false},"region":[],"product_brand":[],"product_cat":[15],"product_tag":[],"class_list":{"0":"post-2794","1":"product","2":"type-product","3":"status-publish","4":"has-post-thumbnail","6":"product_cat-mineralien","8":"first","9":"outofstock","10":"sold-individually","11":"product-type-simple"},"acf":[],"_links":{"self":[{"href":"https:\/\/westgem.shop\/fr\/wp-json\/wp\/v2\/product\/2794","targetHints":{"allow":["GET"]}}],"collection":[{"href":"https:\/\/westgem.shop\/fr\/wp-json\/wp\/v2\/product"}],"about":[{"href":"https:\/\/westgem.shop\/fr\/wp-json\/wp\/v2\/types\/product"}],"wp:featuredmedia":[{"embeddable":true,"href":"https:\/\/westgem.shop\/fr\/wp-json\/wp\/v2\/media\/4505"}],"wp:attachment":[{"href":"https:\/\/westgem.shop\/fr\/wp-json\/wp\/v2\/media?parent=2794"}],"wp:term":[{"taxonomy":"region","embeddable":true,"href":"https:\/\/westgem.shop\/fr\/wp-json\/wp\/v2\/region?post=2794"},{"taxonomy":"product_brand","embeddable":true,"href":"https:\/\/westgem.shop\/fr\/wp-json\/wp\/v2\/product_brand?post=2794"},{"taxonomy":"product_cat","embeddable":true,"href":"https:\/\/westgem.shop\/fr\/wp-json\/wp\/v2\/product_cat?post=2794"},{"taxonomy":"product_tag","embeddable":true,"href":"https:\/\/westgem.shop\/fr\/wp-json\/wp\/v2\/product_tag?post=2794"}],"curies":[{"name":"wp","href":"https:\/\/api.w.org\/{rel}","templated":true}]}}