{"id":2795,"date":"2002-01-26T00:00:00","date_gmt":"2002-01-26T00:00:00","guid":{"rendered":"https:\/\/miners.rocks\/product\/haematit-roter-glaskopf-2\/"},"modified":"2020-05-19T17:01:59","modified_gmt":"2020-05-19T17:01:59","slug":"haematite-tete-de-verre-rouge-2","status":"publish","type":"product","link":"https:\/\/westgem.shop\/fr\/produit\/haematite-tete-de-verre-rouge-2\/","title":{"rendered":"H\u00c4MATIT - T\u00eate de verre rouge"},"content":{"rendered":"<p>T\u00caTE DE VERRE ROUGE - Agr\u00e9gats de cristaux d'h\u00e9matite en grappes - brillant m\u00e9tallique.<\/p>\n<p>Fosse \u00e0 tubercules de Bad Lauterberg en HARZ<\/p>\n<p>Allemagne<\/p>\n<p>Poids : 230 g Dimensions : 10 x 6 x 4 cm<\/p>","protected":false},"excerpt":{"rendered":"<p>T\u00caTE DE VERRE ROUGE - Agr\u00e9gats de cristaux d'h\u00e9matite en grappes - brillant m\u00e9tallique. Knollengrube Bad Lauterberg im HARZ Allemagne Poids : 230 g Dimensions : 10 x 6 x 4 cm<\/p>","protected":false},"featured_media":4508,"template":"","meta":{"_acf_changed":false},"region":[],"product_brand":[],"product_cat":[15],"product_tag":[],"class_list":{"0":"post-2795","1":"product","2":"type-product","3":"status-publish","4":"has-post-thumbnail","6":"product_cat-mineralien","8":"first","9":"outofstock","10":"sold-individually","11":"product-type-simple"},"acf":[],"_links":{"self":[{"href":"https:\/\/westgem.shop\/fr\/wp-json\/wp\/v2\/product\/2795","targetHints":{"allow":["GET"]}}],"collection":[{"href":"https:\/\/westgem.shop\/fr\/wp-json\/wp\/v2\/product"}],"about":[{"href":"https:\/\/westgem.shop\/fr\/wp-json\/wp\/v2\/types\/product"}],"wp:featuredmedia":[{"embeddable":true,"href":"https:\/\/westgem.shop\/fr\/wp-json\/wp\/v2\/media\/4508"}],"wp:attachment":[{"href":"https:\/\/westgem.shop\/fr\/wp-json\/wp\/v2\/media?parent=2795"}],"wp:term":[{"taxonomy":"region","embeddable":true,"href":"https:\/\/westgem.shop\/fr\/wp-json\/wp\/v2\/region?post=2795"},{"taxonomy":"product_brand","embeddable":true,"href":"https:\/\/westgem.shop\/fr\/wp-json\/wp\/v2\/product_brand?post=2795"},{"taxonomy":"product_cat","embeddable":true,"href":"https:\/\/westgem.shop\/fr\/wp-json\/wp\/v2\/product_cat?post=2795"},{"taxonomy":"product_tag","embeddable":true,"href":"https:\/\/westgem.shop\/fr\/wp-json\/wp\/v2\/product_tag?post=2795"}],"curies":[{"name":"wp","href":"https:\/\/api.w.org\/{rel}","templated":true}]}}