{"id":2797,"date":"2002-01-28T00:00:00","date_gmt":"2002-01-28T00:00:00","guid":{"rendered":"https:\/\/miners.rocks\/product\/magnetit-xx-bolivien-6\/"},"modified":"2020-05-19T17:02:00","modified_gmt":"2020-05-19T17:02:00","slug":"magnetite-xx-bolivie-6","status":"publish","type":"product","link":"https:\/\/westgem.shop\/fr\/produit\/magnetite-xx-bolivie-6\/","title":{"rendered":"Magn\u00e9tite xx - BOLIVIE"},"content":{"rendered":"<p>NIVEAU DE MAGNETITE avec cristaux brillants sur roche m\u00e8re .<\/p>\n<p>POTOSI - BOLIVIE<\/p>\n<p>Poids : 310 g Dimensions : 12 x 6 x 4 cm<\/p>\n<p>La derni\u00e8re image est la face inf\u00e9rieure<\/p>","protected":false},"excerpt":{"rendered":"<p>\u00c9TAPE de magn\u00e9tite avec des cristaux brillants sur la roche m\u00e8re. POTOSI - BOLIVIEN Poids : 310 g Dimensions : 12 x 6 x 4 cm La derni\u00e8re image est la face inf\u00e9rieure<\/p>","protected":false},"featured_media":4514,"template":"","meta":{"_acf_changed":false},"region":[],"product_brand":[],"product_cat":[15],"product_tag":[],"class_list":{"0":"post-2797","1":"product","2":"type-product","3":"status-publish","4":"has-post-thumbnail","6":"product_cat-mineralien","8":"first","9":"outofstock","10":"sold-individually","11":"product-type-simple"},"acf":[],"_links":{"self":[{"href":"https:\/\/westgem.shop\/fr\/wp-json\/wp\/v2\/product\/2797","targetHints":{"allow":["GET"]}}],"collection":[{"href":"https:\/\/westgem.shop\/fr\/wp-json\/wp\/v2\/product"}],"about":[{"href":"https:\/\/westgem.shop\/fr\/wp-json\/wp\/v2\/types\/product"}],"wp:featuredmedia":[{"embeddable":true,"href":"https:\/\/westgem.shop\/fr\/wp-json\/wp\/v2\/media\/4514"}],"wp:attachment":[{"href":"https:\/\/westgem.shop\/fr\/wp-json\/wp\/v2\/media?parent=2797"}],"wp:term":[{"taxonomy":"region","embeddable":true,"href":"https:\/\/westgem.shop\/fr\/wp-json\/wp\/v2\/region?post=2797"},{"taxonomy":"product_brand","embeddable":true,"href":"https:\/\/westgem.shop\/fr\/wp-json\/wp\/v2\/product_brand?post=2797"},{"taxonomy":"product_cat","embeddable":true,"href":"https:\/\/westgem.shop\/fr\/wp-json\/wp\/v2\/product_cat?post=2797"},{"taxonomy":"product_tag","embeddable":true,"href":"https:\/\/westgem.shop\/fr\/wp-json\/wp\/v2\/product_tag?post=2797"}],"curies":[{"name":"wp","href":"https:\/\/api.w.org\/{rel}","templated":true}]}}