{"id":2798,"date":"2002-01-29T00:00:00","date_gmt":"2002-01-29T00:00:00","guid":{"rendered":"https:\/\/miners.rocks\/product\/rhodonit-aa-russland-malachit-aa-kongo\/"},"modified":"2020-05-19T17:02:00","modified_gmt":"2020-05-19T17:02:00","slug":"rhodonite-aa-russie-malachite-aa-congo","status":"publish","type":"product","link":"https:\/\/westgem.shop\/fr\/produit\/rhodonite-aa-russie-malachite-aa-congo\/","title":{"rendered":"RHODONITE AA - RUSSIE &amp; Malachite AA - Congo"},"content":{"rendered":"<p>Taill\u00e9 et poli en PRINCIPE IDAR - 2 tr\u00e8s grandes QUALIT\u00c9S AA.<\/p>\n<p>RHODONITE AA de premi\u00e8re couleur provenant des anciens gisements d'URAL en RUSSIE      <u> et<\/u><\/p>\n<p>Malachite AA avec de superbes dessins clairs-obscurs de la mine Prince Leopold au Katanga - Congo<\/p>\n<p>Chacune des deux pierres p\u00e8se 55 g<\/p>\n<p>La RHODONITE mesure 4 x 3 x 2 cm et la malachite 3,7 x 3,5 x 2,5 cm.<\/p>\n<p>NOTEZ LE PRIX R\u00c9DUIT EN LIGNE ! <u>POUR LES DEUX PI\u00c8CES<\/u><\/p>","protected":false},"excerpt":{"rendered":"<p>Taill\u00e9 et poli en PIERRE SUPERIEURE IDAR - 2 tr\u00e8s grandes QUALIT\u00c9S AA. RHODONITE AA avec une couleur de premi\u00e8re qualit\u00e9 provenant des anciens gisements d'URAL en RUSSIE et malachite AA avec de superbes dessins clairs et fonc\u00e9s de la mine Prince Leopold au Katanga - Congo Chacune des deux pierres p\u00e8se 55 g. La RHODONITE est de 4 x 3 [...].<\/p>","protected":false},"featured_media":4518,"template":"","meta":{"_acf_changed":false},"region":[],"product_brand":[],"product_cat":[15],"product_tag":[],"class_list":{"0":"post-2798","1":"product","2":"type-product","3":"status-publish","4":"has-post-thumbnail","6":"product_cat-mineralien","8":"first","9":"outofstock","10":"sold-individually","11":"product-type-simple"},"acf":[],"_links":{"self":[{"href":"https:\/\/westgem.shop\/fr\/wp-json\/wp\/v2\/product\/2798","targetHints":{"allow":["GET"]}}],"collection":[{"href":"https:\/\/westgem.shop\/fr\/wp-json\/wp\/v2\/product"}],"about":[{"href":"https:\/\/westgem.shop\/fr\/wp-json\/wp\/v2\/types\/product"}],"wp:featuredmedia":[{"embeddable":true,"href":"https:\/\/westgem.shop\/fr\/wp-json\/wp\/v2\/media\/4518"}],"wp:attachment":[{"href":"https:\/\/westgem.shop\/fr\/wp-json\/wp\/v2\/media?parent=2798"}],"wp:term":[{"taxonomy":"region","embeddable":true,"href":"https:\/\/westgem.shop\/fr\/wp-json\/wp\/v2\/region?post=2798"},{"taxonomy":"product_brand","embeddable":true,"href":"https:\/\/westgem.shop\/fr\/wp-json\/wp\/v2\/product_brand?post=2798"},{"taxonomy":"product_cat","embeddable":true,"href":"https:\/\/westgem.shop\/fr\/wp-json\/wp\/v2\/product_cat?post=2798"},{"taxonomy":"product_tag","embeddable":true,"href":"https:\/\/westgem.shop\/fr\/wp-json\/wp\/v2\/product_tag?post=2798"}],"curies":[{"name":"wp","href":"https:\/\/api.w.org\/{rel}","templated":true}]}}