{"id":2799,"date":"2002-01-30T00:00:00","date_gmt":"2002-01-30T00:00:00","guid":{"rendered":"https:\/\/miners.rocks\/product\/puddingstein-england\/"},"modified":"2020-05-19T17:02:02","modified_gmt":"2020-05-19T17:02:02","slug":"brique-de-pudding-anglais","status":"publish","type":"product","link":"https:\/\/westgem.shop\/fr\/produit\/brique-de-pudding-anglais\/","title":{"rendered":"\" PIERRE DE PUDDING \" - ANGLETERRE"},"content":{"rendered":"<p>\n\t\"PUDDINGSTEIN\" est une roche avec des FRAGMENTS DE PIERRE arrondis qui ont \u00e9t\u00e9 mastiqu\u00e9s de mani\u00e8re naturelle par un liant g\u00e9latineux.<\/p>\n<p>\n\tTr\u00e8s d\u00e9corative - coup\u00e9e d'un c\u00f4t\u00e9, non polie.<\/p>\n<p>\n\tLieu de d\u00e9couverte : Herfordshire - ANGLETERRE<\/p>\n<p>\n\tPoids : 340 g Dimensions : 10 x 7,5 x 4,5 cm<\/p>","protected":false},"excerpt":{"rendered":"<p>\"PUDDINGSTEIN\" est une pierre avec des FRAGMENTS DE PIERRE arrondis qui ont \u00e9t\u00e9 mastiqu\u00e9s de mani\u00e8re naturelle par un liant g\u00e9latineux. Tr\u00e8s d\u00e9corative - coup\u00e9e d'un c\u00f4t\u00e9, non polie. Lieu de d\u00e9couverte : Herfordshire - ANGLETERRE Poids : 340 g Dimensions : 10 x 7,5 x 4,5 cm<\/p>","protected":false},"featured_media":4521,"template":"","meta":{"_acf_changed":false},"region":[],"product_brand":[],"product_cat":[15],"product_tag":[],"class_list":{"0":"post-2799","1":"product","2":"type-product","3":"status-publish","4":"has-post-thumbnail","6":"product_cat-mineralien","8":"first","9":"outofstock","10":"sold-individually","11":"product-type-simple"},"acf":[],"_links":{"self":[{"href":"https:\/\/westgem.shop\/fr\/wp-json\/wp\/v2\/product\/2799","targetHints":{"allow":["GET"]}}],"collection":[{"href":"https:\/\/westgem.shop\/fr\/wp-json\/wp\/v2\/product"}],"about":[{"href":"https:\/\/westgem.shop\/fr\/wp-json\/wp\/v2\/types\/product"}],"wp:featuredmedia":[{"embeddable":true,"href":"https:\/\/westgem.shop\/fr\/wp-json\/wp\/v2\/media\/4521"}],"wp:attachment":[{"href":"https:\/\/westgem.shop\/fr\/wp-json\/wp\/v2\/media?parent=2799"}],"wp:term":[{"taxonomy":"region","embeddable":true,"href":"https:\/\/westgem.shop\/fr\/wp-json\/wp\/v2\/region?post=2799"},{"taxonomy":"product_brand","embeddable":true,"href":"https:\/\/westgem.shop\/fr\/wp-json\/wp\/v2\/product_brand?post=2799"},{"taxonomy":"product_cat","embeddable":true,"href":"https:\/\/westgem.shop\/fr\/wp-json\/wp\/v2\/product_cat?post=2799"},{"taxonomy":"product_tag","embeddable":true,"href":"https:\/\/westgem.shop\/fr\/wp-json\/wp\/v2\/product_tag?post=2799"}],"curies":[{"name":"wp","href":"https:\/\/api.w.org\/{rel}","templated":true}]}}