{"id":2800,"date":"2002-01-31T00:00:00","date_gmt":"2002-01-31T00:00:00","guid":{"rendered":"https:\/\/miners.rocks\/product\/wei%ef%ac%82er-coelestin-xx-tunesien\/"},"modified":"2020-05-19T17:02:02","modified_gmt":"2020-05-19T17:02:02","slug":"coelestin-blanc-xx-tunisie","status":"publish","type":"product","link":"https:\/\/westgem.shop\/fr\/produit\/coelestin-blanc-xx-tunisie\/","title":{"rendered":"COELESTIN blanc xx - TUNISIE"},"content":{"rendered":"<p>COELESTIN blanc xx avec \u00e9corce d'argile.<\/p>\n<p>Les plus connues sont les COELESTINES bleues de Madagascar.<\/p>\n<p>La COELESTINE est cependant, comme une grande partie des min\u00e9raux - dans la couleur de base - BLANC SANS COULEUR. Les colorations sont dues \u00e0 l'int\u00e9gration d'ions \u00e9trangers.  Dans le cas des COELESTINES bleues, il s'agit de FER, mais il existe, bien que rarement, d'autres variantes de couleur.<\/p>\n<p>Ce niveau de COELESTIN , incolore,blanc, est rarement observ\u00e9.<\/p>\n<p>'Lieu de la d\u00e9couverte : Territoire de HAMMAM - TUNISIE - AFRIQUE DU NORD<\/p>\n<p>Poids : 1,3 KILOGRAMME Dimensions : 14 x 12 x 7 cm<\/p>\n<p>PRIX SPECIAL !<\/p>","protected":false},"excerpt":{"rendered":"<p>COELESTINE blanche xx avec \u00e9corce d'argile. Les COELESTINES bleues de Madagascar sont g\u00e9n\u00e9ralement connues. Mais la COELESTINE est, comme une grande partie des min\u00e9raux, d'une couleur de base BLANCHE SANS COULEUR. Les colorations sont dues \u00e0 l'int\u00e9gration d'ions \u00e9trangers. Dans les COELESTINES bleues, il s'agit de FER, mais il existe encore, bien que rarement, des [...].<\/p>","protected":false},"featured_media":4524,"template":"","meta":{"_acf_changed":false},"region":[],"product_brand":[],"product_cat":[15],"product_tag":[],"class_list":{"0":"post-2800","1":"product","2":"type-product","3":"status-publish","4":"has-post-thumbnail","6":"product_cat-mineralien","8":"first","9":"outofstock","10":"sold-individually","11":"product-type-simple"},"acf":[],"_links":{"self":[{"href":"https:\/\/westgem.shop\/fr\/wp-json\/wp\/v2\/product\/2800","targetHints":{"allow":["GET"]}}],"collection":[{"href":"https:\/\/westgem.shop\/fr\/wp-json\/wp\/v2\/product"}],"about":[{"href":"https:\/\/westgem.shop\/fr\/wp-json\/wp\/v2\/types\/product"}],"wp:featuredmedia":[{"embeddable":true,"href":"https:\/\/westgem.shop\/fr\/wp-json\/wp\/v2\/media\/4524"}],"wp:attachment":[{"href":"https:\/\/westgem.shop\/fr\/wp-json\/wp\/v2\/media?parent=2800"}],"wp:term":[{"taxonomy":"region","embeddable":true,"href":"https:\/\/westgem.shop\/fr\/wp-json\/wp\/v2\/region?post=2800"},{"taxonomy":"product_brand","embeddable":true,"href":"https:\/\/westgem.shop\/fr\/wp-json\/wp\/v2\/product_brand?post=2800"},{"taxonomy":"product_cat","embeddable":true,"href":"https:\/\/westgem.shop\/fr\/wp-json\/wp\/v2\/product_cat?post=2800"},{"taxonomy":"product_tag","embeddable":true,"href":"https:\/\/westgem.shop\/fr\/wp-json\/wp\/v2\/product_tag?post=2800"}],"curies":[{"name":"wp","href":"https:\/\/api.w.org\/{rel}","templated":true}]}}