{"id":2802,"date":"2002-02-02T00:00:00","date_gmt":"2002-02-02T00:00:00","guid":{"rendered":"https:\/\/miners.rocks\/product\/thulit-norwegen\/"},"modified":"2020-05-19T17:02:03","modified_gmt":"2020-05-19T17:02:03","slug":"thulit-norvege","status":"publish","type":"product","link":"https:\/\/westgem.shop\/fr\/produit\/thulit-norvege\/","title":{"rendered":"THULITE - NORV\u00c8GE"},"content":{"rendered":"<p>Par adjonction de MANGAN - Vari\u00e9t\u00e9 rose du min\u00e9ral ZOISIT .<\/p>\n<p>Lieu de d\u00e9couverte: : LOM - OPPLAND - NORV\u00c8GE<\/p>\n<p>Poids : 63 g Dimensions : 3,5 x 3,5 x 3 cm<\/p>\n<p>pierre taill\u00e9e sur 3 c\u00f4t\u00e9s - non polie<\/p>","protected":false},"excerpt":{"rendered":"<p>Par adjonction de MANGAN - Vari\u00e9t\u00e9 rose du min\u00e9ral ZOISIT . Lieu de d\u00e9couverte : : LOM - OPPLAND - NORV\u00c8GE Poids : 63 g Dimensions : 3,5 x 3,5 x 3 cm Pierre taill\u00e9e sur 3 faces - non polie<\/p>","protected":false},"featured_media":4530,"template":"","meta":{"_acf_changed":false},"region":[],"product_brand":[],"product_cat":[15],"product_tag":[],"class_list":{"0":"post-2802","1":"product","2":"type-product","3":"status-publish","4":"has-post-thumbnail","6":"product_cat-mineralien","8":"first","9":"outofstock","10":"sold-individually","11":"product-type-simple"},"acf":[],"_links":{"self":[{"href":"https:\/\/westgem.shop\/fr\/wp-json\/wp\/v2\/product\/2802","targetHints":{"allow":["GET"]}}],"collection":[{"href":"https:\/\/westgem.shop\/fr\/wp-json\/wp\/v2\/product"}],"about":[{"href":"https:\/\/westgem.shop\/fr\/wp-json\/wp\/v2\/types\/product"}],"wp:featuredmedia":[{"embeddable":true,"href":"https:\/\/westgem.shop\/fr\/wp-json\/wp\/v2\/media\/4530"}],"wp:attachment":[{"href":"https:\/\/westgem.shop\/fr\/wp-json\/wp\/v2\/media?parent=2802"}],"wp:term":[{"taxonomy":"region","embeddable":true,"href":"https:\/\/westgem.shop\/fr\/wp-json\/wp\/v2\/region?post=2802"},{"taxonomy":"product_brand","embeddable":true,"href":"https:\/\/westgem.shop\/fr\/wp-json\/wp\/v2\/product_brand?post=2802"},{"taxonomy":"product_cat","embeddable":true,"href":"https:\/\/westgem.shop\/fr\/wp-json\/wp\/v2\/product_cat?post=2802"},{"taxonomy":"product_tag","embeddable":true,"href":"https:\/\/westgem.shop\/fr\/wp-json\/wp\/v2\/product_tag?post=2802"}],"curies":[{"name":"wp","href":"https:\/\/api.w.org\/{rel}","templated":true}]}}