{"id":2803,"date":"2002-02-03T00:00:00","date_gmt":"2002-02-03T00:00:00","guid":{"rendered":"https:\/\/miners.rocks\/product\/edelstein-kasette-mit-aaqualitaeten\/"},"modified":"2020-05-19T17:02:04","modified_gmt":"2020-05-19T17:02:04","slug":"casette-de-pierres-precieuses-avec-aaqualites","status":"publish","type":"product","link":"https:\/\/westgem.shop\/fr\/produit\/casette-de-pierres-precieuses-avec-aaqualites\/","title":{"rendered":"CASETTE EN PIERRES PR\u00c9CIEUSES avec AAQualit\u00e9s"},"content":{"rendered":"<p>Superbe bo\u00eete rigide avec 12 pierres pr\u00e9cieuses de premi\u00e8re qualit\u00e9, baroques, taill\u00e9es et polies, de qualit\u00e9 AA 100 % NATURE<\/p>\n<p>En haut \u00e0 gauche, au premier rang .<\/p>\n<p>QUARTZ ROSE AA - Madagascar , PREHENIT AA - Australie<\/p>\n<p>EDELTOPAS AA(A) Bleu\u00e2tre\/blanc - NIGERIA , Arc-en-ciel FLUORITE AA - ARGENTINE<\/p>\n<p>Rang\u00e9e du milieu en partant de la gauche :<\/p>\n<p>CAP AMETHYSTE AA(A) - SAMBIE , QUARTZ FUM\u00c9 AA - Madagascar<\/p>\n<p>RHODOCHROSIT AA - ARGENTINE et JADE NEPHRIT A - CANADA<\/p>\n<p>Rang\u00e9e inf\u00e9rieure de gauche :<\/p>\n<p>CRISTAL DE MONTAGNE AAA - Madagascar, LAPISLAZULI (LASURIT) AA - RUSSIE<\/p>\n<p>MORGANIT AA - BRESIL et SUGILITH AA(A) - AFRIQUE DU SUD<\/p>\n<p>Ces qualit\u00e9s de pierre sont vendues en grammes et ne se trouvent \u00e9videmment PAS dans les qualit\u00e9s de masse habituelles des pierres \u00e0 tambour.<\/p>\n<p>Poids total avec la bo\u00eete : 210 g Dimensions totales : 15 x 13 x 3 cm<\/p>\n<p>L'ancien prix brut est de 15 \u20ac pour la bo\u00eete vide, plus les 12 pierres au prix unitaire de 147 \u20ac.<\/p>\n<p>NOTRE PRIX SPECIAL EN LIGNE BOX COMPLET incl. 12 TOP PIERRES PR\u00c9CIEUSES .........\u20ac 90.-<\/p>","protected":false},"excerpt":{"rendered":"<p>Superbe bo\u00eete rigide contenant 12 PIERRES PRECIEUSES de premi\u00e8re qualit\u00e9, baroques, taill\u00e9es et polies, de qualit\u00e9 AA 100 % NATURE En haut \u00e0 gauche de la premi\u00e8re rang\u00e9e . QUARTZ ROSE AA - Madagascar , PREHENITE AA - Australie EDELTOPAS AA(A) Bleu\u00e2tre\/blanc - NIGERIA , Arc-en-ciel FLUORITE AA - ARGENTINE Rang\u00e9e du milieu \u00e0 partir de la gauche : KAP AMETHYST AA(A) - SAMBIA [...]<\/p>","protected":false},"featured_media":4533,"template":"","meta":{"_acf_changed":false},"region":[],"product_brand":[],"product_cat":[15],"product_tag":[],"class_list":{"0":"post-2803","1":"product","2":"type-product","3":"status-publish","4":"has-post-thumbnail","6":"product_cat-mineralien","8":"first","9":"outofstock","10":"sold-individually","11":"product-type-simple"},"acf":[],"_links":{"self":[{"href":"https:\/\/westgem.shop\/fr\/wp-json\/wp\/v2\/product\/2803","targetHints":{"allow":["GET"]}}],"collection":[{"href":"https:\/\/westgem.shop\/fr\/wp-json\/wp\/v2\/product"}],"about":[{"href":"https:\/\/westgem.shop\/fr\/wp-json\/wp\/v2\/types\/product"}],"wp:featuredmedia":[{"embeddable":true,"href":"https:\/\/westgem.shop\/fr\/wp-json\/wp\/v2\/media\/4533"}],"wp:attachment":[{"href":"https:\/\/westgem.shop\/fr\/wp-json\/wp\/v2\/media?parent=2803"}],"wp:term":[{"taxonomy":"region","embeddable":true,"href":"https:\/\/westgem.shop\/fr\/wp-json\/wp\/v2\/region?post=2803"},{"taxonomy":"product_brand","embeddable":true,"href":"https:\/\/westgem.shop\/fr\/wp-json\/wp\/v2\/product_brand?post=2803"},{"taxonomy":"product_cat","embeddable":true,"href":"https:\/\/westgem.shop\/fr\/wp-json\/wp\/v2\/product_cat?post=2803"},{"taxonomy":"product_tag","embeddable":true,"href":"https:\/\/westgem.shop\/fr\/wp-json\/wp\/v2\/product_tag?post=2803"}],"curies":[{"name":"wp","href":"https:\/\/api.w.org\/{rel}","templated":true}]}}