{"id":2805,"date":"2002-02-05T00:00:00","date_gmt":"2002-02-05T00:00:00","guid":{"rendered":"https:\/\/miners.rocks\/product\/calcit-xx-auf-siderit-huettenberg\/"},"modified":"2020-05-19T17:02:05","modified_gmt":"2020-05-19T17:02:05","slug":"calcite-xx-sur-siderite-huettenberg","status":"publish","type":"product","link":"https:\/\/westgem.shop\/fr\/produit\/calcite-xx-sur-siderite-huettenberg\/","title":{"rendered":"CALCIT xx sur SIDERIT - H\u00dcTTENBERG"},"content":{"rendered":"<p>Cristaux de CALCITE blancs comme neige sur du minerai de fer massif de SIDERITE de H\u00fcttenberg.<\/p>\n<p>Grande STUFE H\u00fcttenberg d\u00e9corative provenant de l'ancienne mine c\u00e9l\u00e8bre o\u00f9 l'on extrayait d\u00e9j\u00e0 le FER NORDIQUE en 300 av.<\/p>\n<p>Poids . 3,1 kilogrammes Dimensions : 19 x 17 x 8 cm<\/p>","protected":false},"excerpt":{"rendered":"<p>Cristaux de CALCITE blancs comme neige sur minerai de fer massif de SIDERITE de H\u00fcttenberg. Grande STUFE H\u00fcttenberg d\u00e9corative provenant de l'ancienne mine c\u00e9l\u00e8bre o\u00f9 l'on extrayait d\u00e9j\u00e0 le FER NORDIQUE 300 ans avant J\u00e9sus-Christ. Poids de la pi\u00e8ce. 3,1 kilogrammes Dimensions : 19 x 17 x 8 cm<\/p>","protected":false},"featured_media":4542,"template":"","meta":{"_acf_changed":false},"region":[],"product_brand":[],"product_cat":[15],"product_tag":[],"class_list":{"0":"post-2805","1":"product","2":"type-product","3":"status-publish","4":"has-post-thumbnail","6":"product_cat-mineralien","8":"first","9":"outofstock","10":"sold-individually","11":"product-type-simple"},"acf":[],"_links":{"self":[{"href":"https:\/\/westgem.shop\/fr\/wp-json\/wp\/v2\/product\/2805","targetHints":{"allow":["GET"]}}],"collection":[{"href":"https:\/\/westgem.shop\/fr\/wp-json\/wp\/v2\/product"}],"about":[{"href":"https:\/\/westgem.shop\/fr\/wp-json\/wp\/v2\/types\/product"}],"wp:featuredmedia":[{"embeddable":true,"href":"https:\/\/westgem.shop\/fr\/wp-json\/wp\/v2\/media\/4542"}],"wp:attachment":[{"href":"https:\/\/westgem.shop\/fr\/wp-json\/wp\/v2\/media?parent=2805"}],"wp:term":[{"taxonomy":"region","embeddable":true,"href":"https:\/\/westgem.shop\/fr\/wp-json\/wp\/v2\/region?post=2805"},{"taxonomy":"product_brand","embeddable":true,"href":"https:\/\/westgem.shop\/fr\/wp-json\/wp\/v2\/product_brand?post=2805"},{"taxonomy":"product_cat","embeddable":true,"href":"https:\/\/westgem.shop\/fr\/wp-json\/wp\/v2\/product_cat?post=2805"},{"taxonomy":"product_tag","embeddable":true,"href":"https:\/\/westgem.shop\/fr\/wp-json\/wp\/v2\/product_tag?post=2805"}],"curies":[{"name":"wp","href":"https:\/\/api.w.org\/{rel}","templated":true}]}}