{"id":2807,"date":"2002-02-07T00:00:00","date_gmt":"2002-02-07T00:00:00","guid":{"rendered":"https:\/\/miners.rocks\/product\/roher-chalcedon-feuerstein\/"},"modified":"2020-05-19T17:02:06","modified_gmt":"2020-05-19T17:02:06","slug":"calcedoine-brute-silex","status":"publish","type":"product","link":"https:\/\/westgem.shop\/fr\/produit\/calcedoine-brute-silex\/","title":{"rendered":"PIERRE DE CHALCEDON brute"},"content":{"rendered":"<p>Tr\u00e8s grande PIECE BRUTE FEU - CHERT - multicolore<\/p>\n<p>ATTENTION en cas de traitement \u00e9ventuel - BORDES EXTR\u00caMEMENT FINES !<\/p>\n<p>Poids : 10,5 kilogrammes Dimensions : 30 x 15 x 15 cm<\/p>","protected":false},"excerpt":{"rendered":"<p>Tr\u00e8s grande PIERRE BRUTE - CHERT - multicolore ATTENTION lors d'un \u00e9ventuel traitement - BORDURES EXTR\u00caMEMENT COUPANTES ! Poids : 10,5 kilogrammes Dimensions : 30 x 15 x 15 cm<\/p>","protected":false},"featured_media":4550,"template":"","meta":{"_acf_changed":false},"region":[],"product_brand":[],"product_cat":[15],"product_tag":[],"class_list":{"0":"post-2807","1":"product","2":"type-product","3":"status-publish","4":"has-post-thumbnail","6":"product_cat-mineralien","8":"first","9":"outofstock","10":"sold-individually","11":"product-type-simple"},"acf":[],"_links":{"self":[{"href":"https:\/\/westgem.shop\/fr\/wp-json\/wp\/v2\/product\/2807","targetHints":{"allow":["GET"]}}],"collection":[{"href":"https:\/\/westgem.shop\/fr\/wp-json\/wp\/v2\/product"}],"about":[{"href":"https:\/\/westgem.shop\/fr\/wp-json\/wp\/v2\/types\/product"}],"wp:featuredmedia":[{"embeddable":true,"href":"https:\/\/westgem.shop\/fr\/wp-json\/wp\/v2\/media\/4550"}],"wp:attachment":[{"href":"https:\/\/westgem.shop\/fr\/wp-json\/wp\/v2\/media?parent=2807"}],"wp:term":[{"taxonomy":"region","embeddable":true,"href":"https:\/\/westgem.shop\/fr\/wp-json\/wp\/v2\/region?post=2807"},{"taxonomy":"product_brand","embeddable":true,"href":"https:\/\/westgem.shop\/fr\/wp-json\/wp\/v2\/product_brand?post=2807"},{"taxonomy":"product_cat","embeddable":true,"href":"https:\/\/westgem.shop\/fr\/wp-json\/wp\/v2\/product_cat?post=2807"},{"taxonomy":"product_tag","embeddable":true,"href":"https:\/\/westgem.shop\/fr\/wp-json\/wp\/v2\/product_tag?post=2807"}],"curies":[{"name":"wp","href":"https:\/\/api.w.org\/{rel}","templated":true}]}}